{"id":703,"date":"2026-01-26T03:35:41","date_gmt":"2026-01-26T03:35:41","guid":{"rendered":"https:\/\/banhnhalam.click\/?post_type=product&#038;p=703"},"modified":"2026-03-02T07:20:47","modified_gmt":"2026-03-02T07:20:47","slug":"banh-kem-theo-tuoi","status":"publish","type":"product","link":"https:\/\/banhnhalam.click\/vi\/product\/banh-kem-theo-tuoi\/","title":{"rendered":"B\u00e1nh kem theo tu\u1ed5i"},"content":{"rendered":"<h1 data-path-to-node=\"6\">B\u00e1nh kem theo tu\u1ed5i: M\u00f3n qu\u00e0 phong th\u1ee7y mang l\u1ea1i may m\u1eafn<\/h1>\n<p data-path-to-node=\"7\">Hi\u1ec7n nay, <b data-path-to-node=\"7\" data-index-in-node=\"10\">b\u00e1nh kem theo tu\u1ed5i<\/b> \u0111ang l\u00e0 xu h\u01b0\u1edbng qu\u00e0 t\u1eb7ng h\u00e0ng \u0111\u1ea7u t\u1ea1i Vi\u1ec7t Nam. M\u1eb7c d\u00f9 c\u00f3 nhi\u1ec1u m\u1eabu b\u00e1nh hi\u1ec7n \u0111\u1ea1i, nh\u01b0ng h\u00ecnh \u1ea3nh con gi\u00e1p v\u1eabn gi\u1eef v\u1ecb th\u1ebf ri\u00eang. B\u1edfi v\u00ec, m\u00f3n qu\u00e0 n\u00e0y th\u1ec3 hi\u1ec7n s\u1ef1 quan t\u00e2m s\u00e2u s\u1eafc \u0111\u1ebfn c\u00e1 nh\u00e2n ng\u01b0\u1eddi nh\u1eadn.<\/p>\n<h3 data-path-to-node=\"8\">T\u1ea1o h\u00ecnh 12 con gi\u00e1p sinh \u0111\u1ed9ng v\u00e0 \u0111\u1ea7y t\u00ednh ngh\u1ec7 thu\u1eadt<\/h3>\n<p data-path-to-node=\"9\">\u0110\u1ea7u ti\u00ean, ch\u00fang ta ph\u1ea3i n\u00f3i \u0111\u1ebfn k\u1ef9 thu\u1eadt n\u1eb7n h\u00ecnh linh v\u1eadt v\u00f4 c\u00f9ng t\u00e0i t\u00ecnh. C\u00e1c ngh\u1ec7 nh\u00e2n c\u00f3 th\u1ec3 bi\u1ebfn h\u00f3a ch\u00fa Chu\u1ed9t, ch\u00fa H\u1ed5 hay ch\u00fa M\u00e8o tr\u1edf n\u00ean r\u1ea5t \u0111\u00e1ng y\u00eau. \u0110\u1eb7c bi\u1ec7t, t\u1eebng chi ti\u1ebft nh\u1ecf tr\u00ean khu\u00f4n m\u1eb7t con gi\u00e1p \u0111\u1ec1u \u0111\u01b0\u1ee3c l\u00e0m th\u1ee7 c\u00f4ng. B\u00ean c\u1ea1nh \u0111\u00f3, m\u00e0u s\u1eafc c\u1ee7a linh v\u1eadt th\u01b0\u1eddng \u0111\u01b0\u1ee3c ph\u1ed1i r\u1ea5t h\u00e0i h\u00f2a v\u00e0 b\u1eaft m\u1eaft. V\u00ec v\u1eady, chi\u1ebfc b\u00e1nh s\u1ebd l\u00e0 t\u00e2m \u0111i\u1ec3m ch\u00fa \u00fd c\u1ee7a to\u00e0n b\u1ed9 bu\u1ed5i ti\u1ec7c sinh nh\u1eadt.<\/p>\n<h3 data-path-to-node=\"10\">\u00dd ngh\u0129a phong th\u1ee7y v\u00e0 l\u1eddi ch\u00fac b\u00ecnh an trong m\u1ed7i chi\u1ebfc b\u00e1nh<\/h3>\n<p data-path-to-node=\"11\">M\u1ed7i con gi\u00e1p \u0111\u1ec1u mang m\u1ed9t \u00fd ngh\u0129a ri\u00eang bi\u1ec7t v\u1ec1 t\u00ednh c\u00e1ch v\u00e0 v\u1eadn m\u1ec7nh. Nh\u1edd \u0111\u00f3, vi\u1ec7c t\u1eb7ng b\u00e1nh \u0111\u00fang tu\u1ed5i gi\u00fap g\u1eedi g\u1eafm l\u1eddi ch\u00fac th\u00e0nh c\u00f4ng v\u00e0 h\u1ea1nh ph\u00fac. V\u00ed d\u1ee5, chi\u1ebfc b\u00e1nh h\u00ecnh ch\u00fa Tr\u00e2u t\u01b0\u1ee3ng tr\u01b0ng cho s\u1ef1 b\u1ec1n b\u1ec9 v\u00e0 th\u1ecbnh v\u01b0\u1ee3ng. Ngo\u00e0i ra, h\u00ecnh \u1ea3nh ch\u00fa Ng\u1ef1a l\u1ea1i mang \u00fd ngh\u0129a v\u1ec1 s\u1ef1 t\u1ef1 do v\u00e0 th\u0103ng ti\u1ebfn. H\u01a1n n\u1eefa, nh\u1eefng chi ti\u1ebft n\u00e0y th\u01b0\u1eddng \u0111\u01b0\u1ee3c k\u1ebft h\u1ee3p v\u1edbi c\u00e1c \u0111\u1ed3ng ti\u1ec1n v\u00e0ng may m\u1eafn. Do \u0111\u00f3, \u0111\u00e2y l\u00e0 l\u1ef1a ch\u1ecdn tuy\u1ec7t v\u1eddi \u0111\u1ec3 d\u00e0nh t\u1eb7ng cho ng\u01b0\u1eddi th\u00e2n v\u00e0 b\u1ea1n b\u00e8.<\/p>\n<h3 data-path-to-node=\"12\">H\u01b0\u01a1ng v\u1ecb truy\u1ec1n th\u1ed1ng h\u00f2a quy\u1ec7n c\u00f9ng phong c\u00e1ch hi\u1ec7n \u0111\u1ea1i<\/h3>\n<p data-path-to-node=\"13\">B\u00ean c\u1ea1nh ngo\u1ea1i h\u00ecnh \u1ea5n t\u01b0\u1ee3ng, ch\u1ea5t l\u01b0\u1ee3ng b\u00e1nh lu\u00f4n \u0111\u01b0\u1ee3c \u0111\u1eb7t l\u00ean h\u00e0ng \u0111\u1ea7u. Ch\u00fang t\u00f4i s\u1eed d\u1ee5ng c\u1ed1t b\u00e1nh b\u00f4ng lan m\u1ec1m x\u1ed1p k\u1ebft h\u1ee3p kem b\u01a1 th\u01a1m ng\u1eady. Nh\u1edd \u0111\u00f3, th\u1ef1c kh\u00e1ch s\u1ebd c\u1ea3m nh\u1eadn \u0111\u01b0\u1ee3c v\u1ecb ng\u1ecdt thanh tho\u00e1t v\u00e0 v\u00f4 c\u00f9ng tinh t\u1ebf. Ngo\u00e0i ra, b\u1ea1n c\u0169ng c\u00f3 th\u1ec3 ch\u1ecdn th\u00eam c\u00e1c lo\u1ea1i nh\u00e2n tr\u00e1i c\u00e2y theo kh\u1ea9u v\u1ecb. H\u01a1n n\u1eefa, nguy\u00ean li\u1ec7u l\u00e0m b\u00e1nh lu\u00f4n \u0111\u01b0\u1ee3c ki\u1ec3m tra k\u1ef9 l\u01b0\u1ee1ng v\u1ec1 \u0111\u1ed9 t\u01b0\u01a1i s\u1ea1ch. Ch\u00ednh v\u00ec v\u1eady, s\u1ee9c kh\u1ecfe c\u1ee7a ng\u01b0\u1eddi ti\u00eau d\u00f9ng lu\u00f4n \u0111\u01b0\u1ee3c \u0111\u1ea3m b\u1ea3o \u1edf m\u1ee9c cao nh\u1ea5t.<\/p>\n<h3 data-path-to-node=\"14\"><a href=\"http:\/\/banhnhalam.click\">D\u1ecbch v\u1ee5 \u0111\u1eb7t b\u00e1nh linh ho\u1ea1t v\u00e0 giao h\u00e0ng chuy\u00ean nghi\u1ec7p<\/a><\/h3>\n<p data-path-to-node=\"15\">\u0110\u1ec3 s\u1edf h\u1eefu m\u1ed9t chi\u1ebfc b\u00e1nh \u01b0ng \u00fd, b\u1ea1n c\u00f3 th\u1ec3 g\u1eedi y\u00eau c\u1ea7u thi\u1ebft k\u1ebf ri\u00eang. Tuy m\u1eabu m\u00e3 12 con gi\u00e1p r\u1ea5t \u0111a d\u1ea1ng, nh\u01b0ng ch\u00fang t\u00f4i lu\u00f4n ho\u00e0n th\u00e0nh nhanh ch\u00f3ng. V\u00ec th\u1ebf, b\u1ea1n kh\u00f4ng c\u1ea7n ph\u1ea3i lo l\u1eafng v\u1ec1 vi\u1ec7c giao h\u00e0ng ch\u1eadm tr\u1ec5 trong ng\u00e0y vui. Th\u00eam v\u00e0o \u0111\u00f3, quy tr\u00ecnh v\u1eadn chuy\u1ec3n \u0111\u01b0\u1ee3c th\u1ef1c hi\u1ec7n r\u1ea5t c\u1ea9n th\u1eadn \u0111\u1ec3 tr\u00e1nh h\u01b0 h\u1ecfng. Do \u0111\u00f3, chi\u1ebfc b\u00e1nh khi \u0111\u1ebfn tay b\u1ea1n v\u1eabn gi\u1eef tr\u1ecdn v\u1eb9n v\u1ebb \u0111\u1eb9p th\u1ea9m m\u1ef9 ban \u0111\u1ea7u.<\/p>\n<p data-path-to-node=\"15\"><a href=\"https:\/\/banhnhalam.click\/product\/banh-kem-theo-tuoi\/\">B\u00e1nh kem theo tu\u1ed5i<\/a><\/p>\n","protected":false},"excerpt":{"rendered":"<p>B\u00e1nh kem theo tu\u1ed5i: M\u00f3n qu\u00e0 phong th\u1ee7y mang l\u1ea1i may m\u1eafn Hi\u1ec7n nay, b\u00e1nh kem theo tu\u1ed5i \u0111ang l\u00e0 xu h\u01b0\u1edbng qu\u00e0 t\u1eb7ng h\u00e0ng \u0111\u1ea7u t\u1ea1i Vi\u1ec7t Nam. M\u1eb7c d\u00f9 c\u00f3 nhi\u1ec1u m\u1eabu b\u00e1nh hi\u1ec7n \u0111\u1ea1i, nh\u01b0ng h\u00ecnh \u1ea3nh con gi\u00e1p v\u1eabn gi\u1eef v\u1ecb th\u1ebf ri\u00eang. B\u1edfi v\u00ec, m\u00f3n qu\u00e0 n\u00e0y th\u1ec3 hi\u1ec7n s\u1ef1 [&#8230;]\n","protected":false},"featured_media":704,"comment_status":"open","ping_status":"closed","template":"","meta":[],"product_brand":[],"product_cat":[78],"product_tag":[],"class_list":{"0":"post-703","1":"product","2":"type-product","3":"status-publish","4":"has-post-thumbnail","6":"product_cat-banh-sinh-nhat","8":"first","9":"instock","10":"shipping-taxable","11":"purchasable","12":"product-type-simple","13":"add-to-wishlist-after_add_to_cart"},"yoast_head":"<!-- This site is optimized with the Yoast SEO plugin v26.7 - https:\/\/yoast.com\/wordpress\/plugins\/seo\/ -->\n<title>B\u00e1nh kem theo M\u1eabu 12 con gi\u00e1p<\/title>\n<meta name=\"description\" content=\"Kh\u00e1m ph\u00e1 b\u1ed9 s\u01b0u t\u1eadp b\u00e1nh kem theo tu\u1ed5i v\u1edbi t\u1ea1o h\u00ecnh 12 con gi\u00e1p sinh \u0111\u1ed9ng. \u0110\u1eb7t ngay b\u00e1nh kem theo tu\u1ed5i gi\u00e1 t\u1ed1t, thi\u1ebft k\u1ebf ri\u00eang cho t\u1eebng n\u0103m sinh t\u1ea1i \u0111\u00e2y!\" \/>\n<meta name=\"robots\" content=\"index, follow, max-snippet:-1, max-image-preview:large, max-video-preview:-1\" \/>\n<link rel=\"canonical\" href=\"https:\/\/banhnhalam.click\/vi\/product\/banh-kem-theo-tuoi\/\" \/>\n<meta property=\"og:locale\" content=\"vi_VN\" \/>\n<meta property=\"og:type\" content=\"article\" \/>\n<meta property=\"og:title\" content=\"B\u00e1nh kem theo M\u1eabu 12 con gi\u00e1p\" \/>\n<meta property=\"og:description\" content=\"Kh\u00e1m ph\u00e1 b\u1ed9 s\u01b0u t\u1eadp b\u00e1nh kem theo tu\u1ed5i v\u1edbi t\u1ea1o h\u00ecnh 12 con gi\u00e1p sinh \u0111\u1ed9ng. \u0110\u1eb7t ngay b\u00e1nh kem theo tu\u1ed5i gi\u00e1 t\u1ed1t, thi\u1ebft k\u1ebf ri\u00eang cho t\u1eebng n\u0103m sinh t\u1ea1i \u0111\u00e2y!\" \/>\n<meta property=\"og:url\" content=\"https:\/\/banhnhalam.click\/vi\/product\/banh-kem-theo-tuoi\/\" \/>\n<meta property=\"og:site_name\" content=\"B\u00e1nh Nh\u00e0 L\u00e0m \u2013 B\u00e1nh Kem, B\u00e1nh Ng\u1ecdt Th\u1ee7 C\u00f4ng Ngon T\u1ea1i Bu\u00f4n Ma Thu\u1ed9t\" \/>\n<meta property=\"article:modified_time\" content=\"2026-03-02T07:20:47+00:00\" \/>\n<meta property=\"og:image\" content=\"https:\/\/banhnhalam.click\/wp-content\/uploads\/2026\/01\/banh-sinh-nhat-cho-be-trai-banh-kem-360-com-41.webp\" \/>\n\t<meta property=\"og:image:width\" content=\"650\" \/>\n\t<meta property=\"og:image:height\" content=\"534\" \/>\n\t<meta property=\"og:image:type\" content=\"image\/webp\" \/>\n<meta name=\"twitter:card\" content=\"summary_large_image\" \/>\n<meta name=\"twitter:label1\" content=\"\u01af\u1edbc t\u00ednh th\u1eddi gian \u0111\u1ecdc\" \/>\n\t<meta name=\"twitter:data1\" content=\"3 ph\u00fat\" \/>\n<script type=\"application\/ld+json\" class=\"yoast-schema-graph\">{\"@context\":\"https:\/\/schema.org\",\"@graph\":[{\"@type\":\"WebPage\",\"@id\":\"https:\/\/banhnhalam.click\/product\/banh-kem-theo-tuoi\/\",\"url\":\"https:\/\/banhnhalam.click\/product\/banh-kem-theo-tuoi\/\",\"name\":\"B\u00e1nh kem theo M\u1eabu 12 con gi\u00e1p\",\"isPartOf\":{\"@id\":\"https:\/\/banhnhalam.click\/#website\"},\"primaryImageOfPage\":{\"@id\":\"https:\/\/banhnhalam.click\/product\/banh-kem-theo-tuoi\/#primaryimage\"},\"image\":{\"@id\":\"https:\/\/banhnhalam.click\/product\/banh-kem-theo-tuoi\/#primaryimage\"},\"thumbnailUrl\":\"https:\/\/banhnhalam.click\/wp-content\/uploads\/2026\/01\/banh-sinh-nhat-cho-be-trai-banh-kem-360-com-41.webp\",\"datePublished\":\"2026-01-26T03:35:41+00:00\",\"dateModified\":\"2026-03-02T07:20:47+00:00\",\"description\":\"Kh\u00e1m ph\u00e1 b\u1ed9 s\u01b0u t\u1eadp b\u00e1nh kem theo tu\u1ed5i v\u1edbi t\u1ea1o h\u00ecnh 12 con gi\u00e1p sinh \u0111\u1ed9ng. \u0110\u1eb7t ngay b\u00e1nh kem theo tu\u1ed5i gi\u00e1 t\u1ed1t, thi\u1ebft k\u1ebf ri\u00eang cho t\u1eebng n\u0103m sinh t\u1ea1i \u0111\u00e2y!\",\"breadcrumb\":{\"@id\":\"https:\/\/banhnhalam.click\/product\/banh-kem-theo-tuoi\/#breadcrumb\"},\"inLanguage\":\"vi\",\"potentialAction\":[{\"@type\":\"ReadAction\",\"target\":[\"https:\/\/banhnhalam.click\/product\/banh-kem-theo-tuoi\/\"]}]},{\"@type\":\"ImageObject\",\"inLanguage\":\"vi\",\"@id\":\"https:\/\/banhnhalam.click\/product\/banh-kem-theo-tuoi\/#primaryimage\",\"url\":\"https:\/\/banhnhalam.click\/wp-content\/uploads\/2026\/01\/banh-sinh-nhat-cho-be-trai-banh-kem-360-com-41.webp\",\"contentUrl\":\"https:\/\/banhnhalam.click\/wp-content\/uploads\/2026\/01\/banh-sinh-nhat-cho-be-trai-banh-kem-360-com-41.webp\",\"width\":650,\"height\":534,\"caption\":\"b\u00e1nh sinh nh\u1eadt\"},{\"@type\":\"BreadcrumbList\",\"@id\":\"https:\/\/banhnhalam.click\/product\/banh-kem-theo-tuoi\/#breadcrumb\",\"itemListElement\":[{\"@type\":\"ListItem\",\"position\":1,\"name\":\"Home\",\"item\":\"https:\/\/banhnhalam.click\/\"},{\"@type\":\"ListItem\",\"position\":2,\"name\":\"Shop\",\"item\":\"https:\/\/banhnhalam.click\/shop\/\"},{\"@type\":\"ListItem\",\"position\":3,\"name\":\"B\u00e1nh kem theo tu\u1ed5i\"}]},{\"@type\":\"WebSite\",\"@id\":\"https:\/\/banhnhalam.click\/#website\",\"url\":\"https:\/\/banhnhalam.click\/\",\"name\":\"B\u00e1nh Nh\u00e0 L\u00e0m \u2013 B\u00e1nh Kem, B\u00e1nh Ng\u1ecdt Th\u1ee7 C\u00f4ng Ngon T\u1ea1i Bu\u00f4n Ma Thu\u1ed9t\",\"description\":\"banh-nha-lam\",\"potentialAction\":[{\"@type\":\"SearchAction\",\"target\":{\"@type\":\"EntryPoint\",\"urlTemplate\":\"https:\/\/banhnhalam.click\/?s={search_term_string}\"},\"query-input\":{\"@type\":\"PropertyValueSpecification\",\"valueRequired\":true,\"valueName\":\"search_term_string\"}}],\"inLanguage\":\"vi\"}]}<\/script>\n<!-- \/ Yoast SEO plugin. -->","yoast_head_json":{"title":"B\u00e1nh kem theo M\u1eabu 12 con gi\u00e1p","description":"Kh\u00e1m ph\u00e1 b\u1ed9 s\u01b0u t\u1eadp b\u00e1nh kem theo tu\u1ed5i v\u1edbi t\u1ea1o h\u00ecnh 12 con gi\u00e1p sinh \u0111\u1ed9ng. \u0110\u1eb7t ngay b\u00e1nh kem theo tu\u1ed5i gi\u00e1 t\u1ed1t, thi\u1ebft k\u1ebf ri\u00eang cho t\u1eebng n\u0103m sinh t\u1ea1i \u0111\u00e2y!","robots":{"index":"index","follow":"follow","max-snippet":"max-snippet:-1","max-image-preview":"max-image-preview:large","max-video-preview":"max-video-preview:-1"},"canonical":"https:\/\/banhnhalam.click\/vi\/product\/banh-kem-theo-tuoi\/","og_locale":"vi_VN","og_type":"article","og_title":"B\u00e1nh kem theo M\u1eabu 12 con gi\u00e1p","og_description":"Kh\u00e1m ph\u00e1 b\u1ed9 s\u01b0u t\u1eadp b\u00e1nh kem theo tu\u1ed5i v\u1edbi t\u1ea1o h\u00ecnh 12 con gi\u00e1p sinh \u0111\u1ed9ng. \u0110\u1eb7t ngay b\u00e1nh kem theo tu\u1ed5i gi\u00e1 t\u1ed1t, thi\u1ebft k\u1ebf ri\u00eang cho t\u1eebng n\u0103m sinh t\u1ea1i \u0111\u00e2y!","og_url":"https:\/\/banhnhalam.click\/vi\/product\/banh-kem-theo-tuoi\/","og_site_name":"B\u00e1nh Nh\u00e0 L\u00e0m \u2013 B\u00e1nh Kem, B\u00e1nh Ng\u1ecdt Th\u1ee7 C\u00f4ng Ngon T\u1ea1i Bu\u00f4n Ma Thu\u1ed9t","article_modified_time":"2026-03-02T07:20:47+00:00","og_image":[{"width":650,"height":534,"url":"https:\/\/banhnhalam.click\/wp-content\/uploads\/2026\/01\/banh-sinh-nhat-cho-be-trai-banh-kem-360-com-41.webp","type":"image\/webp"}],"twitter_card":"summary_large_image","twitter_misc":{"\u01af\u1edbc t\u00ednh th\u1eddi gian \u0111\u1ecdc":"3 ph\u00fat"},"schema":{"@context":"https:\/\/schema.org","@graph":[{"@type":"WebPage","@id":"https:\/\/banhnhalam.click\/product\/banh-kem-theo-tuoi\/","url":"https:\/\/banhnhalam.click\/product\/banh-kem-theo-tuoi\/","name":"B\u00e1nh kem theo M\u1eabu 12 con gi\u00e1p","isPartOf":{"@id":"https:\/\/banhnhalam.click\/#website"},"primaryImageOfPage":{"@id":"https:\/\/banhnhalam.click\/product\/banh-kem-theo-tuoi\/#primaryimage"},"image":{"@id":"https:\/\/banhnhalam.click\/product\/banh-kem-theo-tuoi\/#primaryimage"},"thumbnailUrl":"https:\/\/banhnhalam.click\/wp-content\/uploads\/2026\/01\/banh-sinh-nhat-cho-be-trai-banh-kem-360-com-41.webp","datePublished":"2026-01-26T03:35:41+00:00","dateModified":"2026-03-02T07:20:47+00:00","description":"Kh\u00e1m ph\u00e1 b\u1ed9 s\u01b0u t\u1eadp b\u00e1nh kem theo tu\u1ed5i v\u1edbi t\u1ea1o h\u00ecnh 12 con gi\u00e1p sinh \u0111\u1ed9ng. \u0110\u1eb7t ngay b\u00e1nh kem theo tu\u1ed5i gi\u00e1 t\u1ed1t, thi\u1ebft k\u1ebf ri\u00eang cho t\u1eebng n\u0103m sinh t\u1ea1i \u0111\u00e2y!","breadcrumb":{"@id":"https:\/\/banhnhalam.click\/product\/banh-kem-theo-tuoi\/#breadcrumb"},"inLanguage":"vi","potentialAction":[{"@type":"ReadAction","target":["https:\/\/banhnhalam.click\/product\/banh-kem-theo-tuoi\/"]}]},{"@type":"ImageObject","inLanguage":"vi","@id":"https:\/\/banhnhalam.click\/product\/banh-kem-theo-tuoi\/#primaryimage","url":"https:\/\/banhnhalam.click\/wp-content\/uploads\/2026\/01\/banh-sinh-nhat-cho-be-trai-banh-kem-360-com-41.webp","contentUrl":"https:\/\/banhnhalam.click\/wp-content\/uploads\/2026\/01\/banh-sinh-nhat-cho-be-trai-banh-kem-360-com-41.webp","width":650,"height":534,"caption":"b\u00e1nh sinh nh\u1eadt"},{"@type":"BreadcrumbList","@id":"https:\/\/banhnhalam.click\/product\/banh-kem-theo-tuoi\/#breadcrumb","itemListElement":[{"@type":"ListItem","position":1,"name":"Home","item":"https:\/\/banhnhalam.click\/"},{"@type":"ListItem","position":2,"name":"Shop","item":"https:\/\/banhnhalam.click\/shop\/"},{"@type":"ListItem","position":3,"name":"B\u00e1nh kem theo tu\u1ed5i"}]},{"@type":"WebSite","@id":"https:\/\/banhnhalam.click\/#website","url":"https:\/\/banhnhalam.click\/","name":"B\u00e1nh Nh\u00e0 L\u00e0m \u2013 B\u00e1nh Kem, B\u00e1nh Ng\u1ecdt Th\u1ee7 C\u00f4ng Ngon T\u1ea1i Bu\u00f4n Ma Thu\u1ed9t","description":"banh-nha-lam","potentialAction":[{"@type":"SearchAction","target":{"@type":"EntryPoint","urlTemplate":"https:\/\/banhnhalam.click\/?s={search_term_string}"},"query-input":{"@type":"PropertyValueSpecification","valueRequired":true,"valueName":"search_term_string"}}],"inLanguage":"vi"}]}},"_links":{"self":[{"href":"https:\/\/banhnhalam.click\/vi\/wp-json\/wp\/v2\/product\/703","targetHints":{"allow":["GET"]}}],"collection":[{"href":"https:\/\/banhnhalam.click\/vi\/wp-json\/wp\/v2\/product"}],"about":[{"href":"https:\/\/banhnhalam.click\/vi\/wp-json\/wp\/v2\/types\/product"}],"replies":[{"embeddable":true,"href":"https:\/\/banhnhalam.click\/vi\/wp-json\/wp\/v2\/comments?post=703"}],"wp:featuredmedia":[{"embeddable":true,"href":"https:\/\/banhnhalam.click\/vi\/wp-json\/wp\/v2\/media\/704"}],"wp:attachment":[{"href":"https:\/\/banhnhalam.click\/vi\/wp-json\/wp\/v2\/media?parent=703"}],"wp:term":[{"taxonomy":"product_brand","embeddable":true,"href":"https:\/\/banhnhalam.click\/vi\/wp-json\/wp\/v2\/product_brand?post=703"},{"taxonomy":"product_cat","embeddable":true,"href":"https:\/\/banhnhalam.click\/vi\/wp-json\/wp\/v2\/product_cat?post=703"},{"taxonomy":"product_tag","embeddable":true,"href":"https:\/\/banhnhalam.click\/vi\/wp-json\/wp\/v2\/product_tag?post=703"}],"curies":[{"name":"wp","href":"https:\/\/api.w.org\/{rel}","templated":true}]}}