{"id":696,"date":"2026-01-26T03:26:56","date_gmt":"2026-01-26T03:26:56","guid":{"rendered":"https:\/\/banhnhalam.click\/?post_type=product&#038;p=696"},"modified":"2026-01-26T05:03:11","modified_gmt":"2026-01-26T05:03:11","slug":"banh-kem-hy-lam-mon","status":"publish","type":"product","link":"https:\/\/banhnhalam.click\/vi\/product\/banh-kem-hy-lam-mon\/","title":{"rendered":"b\u00e1nh kem h\u1ef7 l\u00e2m m\u00f4n"},"content":{"rendered":"<h1 data-path-to-node=\"6\">B\u00e1nh kem H\u1ef7 L\u00e2m M\u00f4n: Th\u01b0\u01a1ng hi\u1ec7u l\u00e2u \u0111\u1eddi g\u1eedi g\u1eafm ni\u1ec1m h\u1ea1nh ph\u00fac<\/h1>\n<p data-path-to-node=\"7\">Hi\u1ec7n nay, <b data-path-to-node=\"7\" data-index-in-node=\"10\">b\u00e1nh kem H\u1ef7 L\u00e2m M\u00f4n<\/b> l\u00e0 bi\u1ec3u t\u01b0\u1ee3ng c\u1ee7a s\u1ef1 uy t\u00edn t\u1ea1i Vi\u1ec7t Nam. M\u1eb7c d\u00f9 c\u00f3 nhi\u1ec1u d\u00f2ng b\u00e1nh ngo\u1ea1i nh\u1eadp, nh\u01b0ng th\u01b0\u01a1ng hi\u1ec7u n\u00e0y v\u1eabn lu\u00f4n t\u1ecfa s\u00e1ng. B\u1edfi v\u00ec, m\u1ed7i chi\u1ebfc b\u00e1nh \u0111\u1ec1u ch\u1ee9a \u0111\u1ef1ng t\u00e2m huy\u1ebft v\u00e0 h\u01b0\u01a1ng v\u1ecb \u0111\u1eb7c tr\u01b0ng ri\u00eang.<\/p>\n<h3 data-path-to-node=\"8\">Ch\u1ea5t l\u01b0\u1ee3ng b\u00e1nh \u1ed5n \u0111\u1ecbnh t\u1eeb nguy\u00ean li\u1ec7u ch\u1ecdn l\u1ecdc<\/h3>\n<p data-path-to-node=\"9\">\u0110\u1ea7u ti\u00ean, ch\u00fang ta ph\u1ea3i n\u00f3i \u0111\u1ebfn s\u1ef1 kh\u1eaft khe trong kh\u00e2u tuy\u1ec3n ch\u1ecdn nguy\u00ean li\u1ec7u. H\u1ef7 L\u00e2m M\u00f4n lu\u00f4n \u01b0u ti\u00ean nh\u1eefng th\u00e0nh ph\u1ea7n t\u01b0\u01a1i ngon v\u00e0 an to\u00e0n nh\u1ea5t. \u0110\u1eb7c bi\u1ec7t, c\u00f4ng th\u1ee9c c\u1ed1t b\u00e1nh \u0111\u1ed9c quy\u1ec1n gi\u00fap b\u00e1nh gi\u1eef \u0111\u01b0\u1ee3c \u0111\u1ed9 x\u1ed1p v\u1eeba ph\u1ea3i. B\u00ean c\u1ea1nh \u0111\u00f3, l\u1edbp kem t\u01b0\u01a1i c\u00f3 v\u1ecb ng\u1ecdt thanh m\u00e0 kh\u00f4ng h\u1ec1 g\u00e2y c\u1ea3m gi\u00e1c ng\u1ea5y. V\u00ec v\u1eady, kh\u00e1ch h\u00e0ng lu\u00f4n c\u1ea3m th\u1ea5y h\u00e0i l\u00f2ng khi th\u01b0\u1edfng th\u1ee9c t\u1eebng mi\u1ebfng b\u00e1nh.<\/p>\n<h3 data-path-to-node=\"10\">Thi\u1ebft k\u1ebf \u0111a d\u1ea1ng ph\u00f9 h\u1ee3p v\u1edbi m\u1ecdi kh\u00f4ng gian ti\u1ec7c<\/h3>\n<p data-path-to-node=\"11\">\u0110i\u1ec3m nh\u1ea5n ti\u1ebfp theo ch\u00ednh l\u00e0 s\u1ef1 phong ph\u00fa trong phong c\u00e1ch trang tr\u00ed b\u00e1nh. Th\u01b0\u01a1ng hi\u1ec7u n\u00e0y cung c\u1ea5p t\u1eeb c\u00e1c m\u1eabu b\u00e1nh c\u1ed5 \u0111i\u1ec3n \u0111\u1ebfn hi\u1ec7n \u0111\u1ea1i. Nh\u1edd \u0111\u00f3, b\u1ea1n c\u00f3 th\u1ec3 d\u1ec5 d\u00e0ng ch\u1ecdn b\u00e1nh cho sinh nh\u1eadt hay l\u1ec5 c\u01b0\u1edbi. Ngo\u00e0i ra, c\u00e1c ngh\u1ec7 nh\u00e2n c\u00f2n kh\u00e9o l\u00e9o t\u1ea1o h\u00ecnh c\u00e1c nh\u00e2n v\u1eadt ho\u1ea1t h\u00ecnh ng\u1ed9 ngh\u0129nh. H\u01a1n n\u1eefa, nh\u1eefng \u0111\u00f3a hoa kem \u0111\u01b0\u1ee3c b\u1eaft r\u1ea5t t\u1ec9 m\u1ec9 v\u00e0 sinh \u0111\u1ed9ng. Do \u0111\u00f3, chi\u1ebfc b\u00e1nh s\u1ebd l\u00e0m n\u1ed5i b\u1eadt kh\u00f4ng gian bu\u1ed5i ti\u1ec7c c\u1ee7a b\u1ea1n.<\/p>\n<h3 data-path-to-node=\"12\">Gi\u00e1 th\u00e0nh h\u1ee3p l\u00fd \u0111i \u0111\u00f4i v\u1edbi d\u1ecbch v\u1ee5 t\u1eadn t\u00e2m<\/h3>\n<p data-path-to-node=\"13\">M\u1ed9t \u01b0u \u0111i\u1ec3m l\u1edbn c\u1ee7a h\u00e3ng ch\u00ednh l\u00e0 m\u1ee9c gi\u00e1 r\u1ea5t ph\u00f9 h\u1ee3p v\u1edbi t\u00fai ti\u1ec1n. Tuy ch\u1ea5t l\u01b0\u1ee3ng cao, nh\u01b0ng gi\u00e1 c\u1ea3 lu\u00f4n \u0111\u01b0\u1ee3c duy tr\u00ec \u1edf m\u1ee9c \u1ed5n \u0111\u1ecbnh nh\u1ea5t. V\u00ec th\u1ebf, \u0111\u00e2y l\u00e0 s\u1ef1 l\u1ef1a ch\u1ecdn \u01b0u ti\u00ean c\u1ee7a h\u00e0ng tri\u1ec7u gia \u0111\u00ecnh Vi\u1ec7t. Th\u00eam v\u00e0o \u0111\u00f3, h\u1ec7 th\u1ed1ng c\u1eeda h\u00e0ng r\u1ed9ng kh\u1eafp gi\u00fap vi\u1ec7c mua s\u1eafm tr\u1edf n\u00ean thu\u1eadn ti\u1ec7n. Ch\u00ednh v\u00ec v\u1eady, b\u1ea1n c\u00f3 th\u1ec3 d\u1ec5 d\u00e0ng t\u00ecm th\u1ea5y m\u1ed9t ti\u1ec7m b\u00e1nh g\u1ea7n nh\u00e0 m\u00ecnh nh\u1ea5t.<\/p>\n<h3 data-path-to-node=\"14\">Quy tr\u00ecnh b\u1ea3o qu\u1ea3n nghi\u00eam ng\u1eb7t v\u00e0 giao h\u00e0ng nhanh<\/h3>\n<p data-path-to-node=\"15\">\u0110\u1ec3 \u0111\u1ea3m b\u1ea3o \u0111\u1ed9 t\u01b0\u01a1i, b\u00e1nh lu\u00f4n \u0111\u01b0\u1ee3c b\u1ea3o qu\u1ea3n trong t\u1ee7 m\u00e1t \u0111\u1ea1t chu\u1ea9n. Tuy b\u00e1nh kem r\u1ea5t nh\u1ea1y c\u1ea3m v\u1edbi nhi\u1ec7t \u0111\u1ed9, nh\u01b0ng h\u00e3ng lu\u00f4n c\u00f3 quy tr\u00ecnh v\u1eadn chuy\u1ec3n t\u1ed1t. V\u00ec th\u1ebf, s\u1ea3n ph\u1ea9m khi \u0111\u1ebfn tay kh\u00e1ch h\u00e0ng v\u1eabn gi\u1eef \u0111\u01b0\u1ee3c v\u1ebb \u0111\u1eb9p ho\u00e0n h\u1ea3o. Ngo\u00e0i ra, d\u1ecbch v\u1ee5 \u0111\u1eb7t h\u00e0ng tr\u1ef1c tuy\u1ebfn c\u0169ng ho\u1ea1t \u0111\u1ed9ng r\u1ea5t hi\u1ec7u qu\u1ea3 v\u00e0 chuy\u00ean nghi\u1ec7p. Do \u0111\u00f3, b\u1ea1n s\u1ebd nh\u1eadn \u0111\u01b0\u1ee3c chi\u1ebfc b\u00e1nh th\u01a1m ngon ngay t\u1ea1i ng\u00f4i nh\u00e0 c\u1ee7a m\u00ecnh.<\/p>\n<hr data-path-to-node=\"16\" \/>\n<h3 data-path-to-node=\"17\">T\u1ea1i sao n\u00ean \u0111\u1eb7t b\u00e1nh kem H\u1ef7 L\u00e2m M\u00f4n ngay l\u00fac n\u00e0y?<\/h3>\n<p data-path-to-node=\"18\">T\u00f3m l\u1ea1i, \u0111\u00e2y l\u00e0 th\u01b0\u01a1ng hi\u1ec7u mang l\u1ea1i s\u1ef1 an t\u00e2m tuy\u1ec7t \u0111\u1ed1i v\u1ec1 ch\u1ea5t l\u01b0\u1ee3ng. N\u1ebfu b\u1ea1n \u0111ang t\u00ecm ki\u1ebfm m\u1ed9t h\u01b0\u01a1ng v\u1ecb quen thu\u1ed9c, h\u00e3y ch\u1ecdn ngay <b data-path-to-node=\"18\" data-index-in-node=\"133\">b\u00e1nh kem H\u1ef7 L\u00e2m M\u00f4n<\/b>. Hi\u1ec7n nay, b\u1ea1n c\u00f3 th\u1ec3 tham kh\u1ea3o th\u00eam c\u00e1c m\u1eabu <a class=\"ng-star-inserted\" href=\"https:\/\/www.google.com\/search?q=https:\/\/lab.banhnhalam.click\/cua-hang\/\" target=\"_blank\" rel=\"noopener\" data-hveid=\"0\" data-ved=\"0CAAQ_4QMahgKEwiit-_rlqiSAxUAAAAAHQAAAAAQowM\">b\u00e1nh kem truy\u1ec1n th\u1ed1ng<\/a> t\u1ea1i h\u1ec7 th\u1ed1ng c\u1ee7a ch\u00fang t\u00f4i. Ngo\u00e0i ra, \u0111\u1eebng qu\u00ean xem qua c\u00e1c d\u00f2ng <a class=\"ng-star-inserted\" href=\"https:\/\/www.google.com\/search?q=https:\/\/lab.banhnhalam.click\/cua-hang\/\" target=\"_blank\" rel=\"noopener\" data-hveid=\"0\" data-ved=\"0CAAQ_4QMahgKEwiit-_rlqiSAxUAAAAAHQAAAAAQpAM\">b\u00e1nh ng\u1ecdt th\u01a1m ngon<\/a> \u0111\u1ec3 c\u00f3 th\u00eam nhi\u1ec1u l\u1ef1a ch\u1ecdn h\u1ea5p d\u1eabn.<\/p>\n","protected":false},"excerpt":{"rendered":"<p>B\u00e1nh kem H\u1ef7 L\u00e2m M\u00f4n: Th\u01b0\u01a1ng hi\u1ec7u l\u00e2u \u0111\u1eddi g\u1eedi g\u1eafm ni\u1ec1m h\u1ea1nh ph\u00fac Hi\u1ec7n nay, b\u00e1nh kem H\u1ef7 L\u00e2m M\u00f4n l\u00e0 bi\u1ec3u t\u01b0\u1ee3ng c\u1ee7a s\u1ef1 uy t\u00edn t\u1ea1i Vi\u1ec7t Nam. M\u1eb7c d\u00f9 c\u00f3 nhi\u1ec1u d\u00f2ng b\u00e1nh ngo\u1ea1i nh\u1eadp, nh\u01b0ng th\u01b0\u01a1ng hi\u1ec7u n\u00e0y v\u1eabn lu\u00f4n t\u1ecfa s\u00e1ng. B\u1edfi v\u00ec, m\u1ed7i chi\u1ebfc b\u00e1nh \u0111\u1ec1u ch\u1ee9a \u0111\u1ef1ng [&#8230;]\n","protected":false},"featured_media":697,"comment_status":"open","ping_status":"closed","template":"","meta":[],"product_brand":[],"product_cat":[78],"product_tag":[],"class_list":{"0":"post-696","1":"product","2":"type-product","3":"status-publish","4":"has-post-thumbnail","6":"product_cat-banh-sinh-nhat","8":"first","9":"instock","10":"shipping-taxable","11":"purchasable","12":"product-type-simple","13":"add-to-wishlist-after_add_to_cart"},"yoast_head":"<!-- This site is optimized with the Yoast SEO plugin v26.7 - https:\/\/yoast.com\/wordpress\/plugins\/seo\/ -->\n<title>B\u00e1nh kem H\u1ef7 L\u00e2m M\u00f4n - H\u01b0\u01a1ng v\u1ecb truy\u1ec1n th\u1ed1ng v\u00e0 ch\u1ea5t l<\/title>\n<meta name=\"description\" content=\"Kh\u00e1m ph\u00e1 b\u00e1nh kem H\u1ef7 L\u00e2m M\u00f4n v\u1edbi c\u1ed1t b\u00e1nh m\u1ec1m m\u1ecbn v\u00e0 thi\u1ebft k\u1ebf \u0111a d\u1ea1ng. \u0110\u1eb7t ngay b\u00e1nh kem H\u1ef7 L\u00e2m M\u00f4n ch\u00ednh h\u00e3ng \u0111\u1ec3 b\u1eefa ti\u1ec7c th\u00eam tr\u1ecdn v\u1eb9n!\" \/>\n<meta name=\"robots\" content=\"index, follow, max-snippet:-1, max-image-preview:large, max-video-preview:-1\" \/>\n<link rel=\"canonical\" href=\"https:\/\/banhnhalam.click\/vi\/product\/banh-kem-hy-lam-mon\/\" \/>\n<meta property=\"og:locale\" content=\"vi_VN\" \/>\n<meta property=\"og:type\" content=\"article\" \/>\n<meta property=\"og:title\" content=\"B\u00e1nh kem H\u1ef7 L\u00e2m M\u00f4n - H\u01b0\u01a1ng v\u1ecb truy\u1ec1n th\u1ed1ng v\u00e0 ch\u1ea5t l\" \/>\n<meta property=\"og:description\" content=\"Kh\u00e1m ph\u00e1 b\u00e1nh kem H\u1ef7 L\u00e2m M\u00f4n v\u1edbi c\u1ed1t b\u00e1nh m\u1ec1m m\u1ecbn v\u00e0 thi\u1ebft k\u1ebf \u0111a d\u1ea1ng. \u0110\u1eb7t ngay b\u00e1nh kem H\u1ef7 L\u00e2m M\u00f4n ch\u00ednh h\u00e3ng \u0111\u1ec3 b\u1eefa ti\u1ec7c th\u00eam tr\u1ecdn v\u1eb9n!\" \/>\n<meta property=\"og:url\" content=\"https:\/\/banhnhalam.click\/vi\/product\/banh-kem-hy-lam-mon\/\" \/>\n<meta property=\"og:site_name\" content=\"B\u00e1nh Nh\u00e0 L\u00e0m \u2013 B\u00e1nh Kem, B\u00e1nh Ng\u1ecdt Th\u1ee7 C\u00f4ng Ngon T\u1ea1i Bu\u00f4n Ma Thu\u1ed9t\" \/>\n<meta property=\"article:modified_time\" content=\"2026-01-26T05:03:11+00:00\" \/>\n<meta property=\"og:image\" content=\"https:\/\/banhnhalam.click\/wp-content\/uploads\/2026\/01\/Banh-kem-la-dua-1.webp\" \/>\n\t<meta property=\"og:image:width\" content=\"2560\" \/>\n\t<meta property=\"og:image:height\" content=\"2134\" \/>\n\t<meta property=\"og:image:type\" content=\"image\/webp\" \/>\n<meta name=\"twitter:card\" content=\"summary_large_image\" \/>\n<meta name=\"twitter:label1\" content=\"\u01af\u1edbc t\u00ednh th\u1eddi gian \u0111\u1ecdc\" \/>\n\t<meta name=\"twitter:data1\" content=\"4 ph\u00fat\" \/>\n<script type=\"application\/ld+json\" class=\"yoast-schema-graph\">{\"@context\":\"https:\/\/schema.org\",\"@graph\":[{\"@type\":\"WebPage\",\"@id\":\"https:\/\/banhnhalam.click\/product\/banh-kem-hy-lam-mon\/\",\"url\":\"https:\/\/banhnhalam.click\/product\/banh-kem-hy-lam-mon\/\",\"name\":\"B\u00e1nh kem H\u1ef7 L\u00e2m M\u00f4n - H\u01b0\u01a1ng v\u1ecb truy\u1ec1n th\u1ed1ng v\u00e0 ch\u1ea5t l\",\"isPartOf\":{\"@id\":\"https:\/\/banhnhalam.click\/#website\"},\"primaryImageOfPage\":{\"@id\":\"https:\/\/banhnhalam.click\/product\/banh-kem-hy-lam-mon\/#primaryimage\"},\"image\":{\"@id\":\"https:\/\/banhnhalam.click\/product\/banh-kem-hy-lam-mon\/#primaryimage\"},\"thumbnailUrl\":\"https:\/\/banhnhalam.click\/wp-content\/uploads\/2026\/01\/Banh-kem-la-dua-1.webp\",\"datePublished\":\"2026-01-26T03:26:56+00:00\",\"dateModified\":\"2026-01-26T05:03:11+00:00\",\"description\":\"Kh\u00e1m ph\u00e1 b\u00e1nh kem H\u1ef7 L\u00e2m M\u00f4n v\u1edbi c\u1ed1t b\u00e1nh m\u1ec1m m\u1ecbn v\u00e0 thi\u1ebft k\u1ebf \u0111a d\u1ea1ng. \u0110\u1eb7t ngay b\u00e1nh kem H\u1ef7 L\u00e2m M\u00f4n ch\u00ednh h\u00e3ng \u0111\u1ec3 b\u1eefa ti\u1ec7c th\u00eam tr\u1ecdn v\u1eb9n!\",\"breadcrumb\":{\"@id\":\"https:\/\/banhnhalam.click\/product\/banh-kem-hy-lam-mon\/#breadcrumb\"},\"inLanguage\":\"vi\",\"potentialAction\":[{\"@type\":\"ReadAction\",\"target\":[\"https:\/\/banhnhalam.click\/product\/banh-kem-hy-lam-mon\/\"]}]},{\"@type\":\"ImageObject\",\"inLanguage\":\"vi\",\"@id\":\"https:\/\/banhnhalam.click\/product\/banh-kem-hy-lam-mon\/#primaryimage\",\"url\":\"https:\/\/banhnhalam.click\/wp-content\/uploads\/2026\/01\/Banh-kem-la-dua-1.webp\",\"contentUrl\":\"https:\/\/banhnhalam.click\/wp-content\/uploads\/2026\/01\/Banh-kem-la-dua-1.webp\",\"width\":2560,\"height\":2134,\"caption\":\"b\u00e1nh kem\"},{\"@type\":\"BreadcrumbList\",\"@id\":\"https:\/\/banhnhalam.click\/product\/banh-kem-hy-lam-mon\/#breadcrumb\",\"itemListElement\":[{\"@type\":\"ListItem\",\"position\":1,\"name\":\"Home\",\"item\":\"https:\/\/banhnhalam.click\/\"},{\"@type\":\"ListItem\",\"position\":2,\"name\":\"Shop\",\"item\":\"https:\/\/banhnhalam.click\/shop\/\"},{\"@type\":\"ListItem\",\"position\":3,\"name\":\"b\u00e1nh kem h\u1ef7 l\u00e2m m\u00f4n\"}]},{\"@type\":\"WebSite\",\"@id\":\"https:\/\/banhnhalam.click\/#website\",\"url\":\"https:\/\/banhnhalam.click\/\",\"name\":\"B\u00e1nh Nh\u00e0 L\u00e0m \u2013 B\u00e1nh Kem, B\u00e1nh Ng\u1ecdt Th\u1ee7 C\u00f4ng Ngon T\u1ea1i Bu\u00f4n Ma Thu\u1ed9t\",\"description\":\"banh-nha-lam\",\"potentialAction\":[{\"@type\":\"SearchAction\",\"target\":{\"@type\":\"EntryPoint\",\"urlTemplate\":\"https:\/\/banhnhalam.click\/?s={search_term_string}\"},\"query-input\":{\"@type\":\"PropertyValueSpecification\",\"valueRequired\":true,\"valueName\":\"search_term_string\"}}],\"inLanguage\":\"vi\"}]}<\/script>\n<!-- \/ Yoast SEO plugin. -->","yoast_head_json":{"title":"B\u00e1nh kem H\u1ef7 L\u00e2m M\u00f4n - H\u01b0\u01a1ng v\u1ecb truy\u1ec1n th\u1ed1ng v\u00e0 ch\u1ea5t l","description":"Kh\u00e1m ph\u00e1 b\u00e1nh kem H\u1ef7 L\u00e2m M\u00f4n v\u1edbi c\u1ed1t b\u00e1nh m\u1ec1m m\u1ecbn v\u00e0 thi\u1ebft k\u1ebf \u0111a d\u1ea1ng. \u0110\u1eb7t ngay b\u00e1nh kem H\u1ef7 L\u00e2m M\u00f4n ch\u00ednh h\u00e3ng \u0111\u1ec3 b\u1eefa ti\u1ec7c th\u00eam tr\u1ecdn v\u1eb9n!","robots":{"index":"index","follow":"follow","max-snippet":"max-snippet:-1","max-image-preview":"max-image-preview:large","max-video-preview":"max-video-preview:-1"},"canonical":"https:\/\/banhnhalam.click\/vi\/product\/banh-kem-hy-lam-mon\/","og_locale":"vi_VN","og_type":"article","og_title":"B\u00e1nh kem H\u1ef7 L\u00e2m M\u00f4n - H\u01b0\u01a1ng v\u1ecb truy\u1ec1n th\u1ed1ng v\u00e0 ch\u1ea5t l","og_description":"Kh\u00e1m ph\u00e1 b\u00e1nh kem H\u1ef7 L\u00e2m M\u00f4n v\u1edbi c\u1ed1t b\u00e1nh m\u1ec1m m\u1ecbn v\u00e0 thi\u1ebft k\u1ebf \u0111a d\u1ea1ng. \u0110\u1eb7t ngay b\u00e1nh kem H\u1ef7 L\u00e2m M\u00f4n ch\u00ednh h\u00e3ng \u0111\u1ec3 b\u1eefa ti\u1ec7c th\u00eam tr\u1ecdn v\u1eb9n!","og_url":"https:\/\/banhnhalam.click\/vi\/product\/banh-kem-hy-lam-mon\/","og_site_name":"B\u00e1nh Nh\u00e0 L\u00e0m \u2013 B\u00e1nh Kem, B\u00e1nh Ng\u1ecdt Th\u1ee7 C\u00f4ng Ngon T\u1ea1i Bu\u00f4n Ma Thu\u1ed9t","article_modified_time":"2026-01-26T05:03:11+00:00","og_image":[{"width":2560,"height":2134,"url":"https:\/\/banhnhalam.click\/wp-content\/uploads\/2026\/01\/Banh-kem-la-dua-1.webp","type":"image\/webp"}],"twitter_card":"summary_large_image","twitter_misc":{"\u01af\u1edbc t\u00ednh th\u1eddi gian \u0111\u1ecdc":"4 ph\u00fat"},"schema":{"@context":"https:\/\/schema.org","@graph":[{"@type":"WebPage","@id":"https:\/\/banhnhalam.click\/product\/banh-kem-hy-lam-mon\/","url":"https:\/\/banhnhalam.click\/product\/banh-kem-hy-lam-mon\/","name":"B\u00e1nh kem H\u1ef7 L\u00e2m M\u00f4n - H\u01b0\u01a1ng v\u1ecb truy\u1ec1n th\u1ed1ng v\u00e0 ch\u1ea5t l","isPartOf":{"@id":"https:\/\/banhnhalam.click\/#website"},"primaryImageOfPage":{"@id":"https:\/\/banhnhalam.click\/product\/banh-kem-hy-lam-mon\/#primaryimage"},"image":{"@id":"https:\/\/banhnhalam.click\/product\/banh-kem-hy-lam-mon\/#primaryimage"},"thumbnailUrl":"https:\/\/banhnhalam.click\/wp-content\/uploads\/2026\/01\/Banh-kem-la-dua-1.webp","datePublished":"2026-01-26T03:26:56+00:00","dateModified":"2026-01-26T05:03:11+00:00","description":"Kh\u00e1m ph\u00e1 b\u00e1nh kem H\u1ef7 L\u00e2m M\u00f4n v\u1edbi c\u1ed1t b\u00e1nh m\u1ec1m m\u1ecbn v\u00e0 thi\u1ebft k\u1ebf \u0111a d\u1ea1ng. \u0110\u1eb7t ngay b\u00e1nh kem H\u1ef7 L\u00e2m M\u00f4n ch\u00ednh h\u00e3ng \u0111\u1ec3 b\u1eefa ti\u1ec7c th\u00eam tr\u1ecdn v\u1eb9n!","breadcrumb":{"@id":"https:\/\/banhnhalam.click\/product\/banh-kem-hy-lam-mon\/#breadcrumb"},"inLanguage":"vi","potentialAction":[{"@type":"ReadAction","target":["https:\/\/banhnhalam.click\/product\/banh-kem-hy-lam-mon\/"]}]},{"@type":"ImageObject","inLanguage":"vi","@id":"https:\/\/banhnhalam.click\/product\/banh-kem-hy-lam-mon\/#primaryimage","url":"https:\/\/banhnhalam.click\/wp-content\/uploads\/2026\/01\/Banh-kem-la-dua-1.webp","contentUrl":"https:\/\/banhnhalam.click\/wp-content\/uploads\/2026\/01\/Banh-kem-la-dua-1.webp","width":2560,"height":2134,"caption":"b\u00e1nh kem"},{"@type":"BreadcrumbList","@id":"https:\/\/banhnhalam.click\/product\/banh-kem-hy-lam-mon\/#breadcrumb","itemListElement":[{"@type":"ListItem","position":1,"name":"Home","item":"https:\/\/banhnhalam.click\/"},{"@type":"ListItem","position":2,"name":"Shop","item":"https:\/\/banhnhalam.click\/shop\/"},{"@type":"ListItem","position":3,"name":"b\u00e1nh kem h\u1ef7 l\u00e2m m\u00f4n"}]},{"@type":"WebSite","@id":"https:\/\/banhnhalam.click\/#website","url":"https:\/\/banhnhalam.click\/","name":"B\u00e1nh Nh\u00e0 L\u00e0m \u2013 B\u00e1nh Kem, B\u00e1nh Ng\u1ecdt Th\u1ee7 C\u00f4ng Ngon T\u1ea1i Bu\u00f4n Ma Thu\u1ed9t","description":"banh-nha-lam","potentialAction":[{"@type":"SearchAction","target":{"@type":"EntryPoint","urlTemplate":"https:\/\/banhnhalam.click\/?s={search_term_string}"},"query-input":{"@type":"PropertyValueSpecification","valueRequired":true,"valueName":"search_term_string"}}],"inLanguage":"vi"}]}},"_links":{"self":[{"href":"https:\/\/banhnhalam.click\/vi\/wp-json\/wp\/v2\/product\/696","targetHints":{"allow":["GET"]}}],"collection":[{"href":"https:\/\/banhnhalam.click\/vi\/wp-json\/wp\/v2\/product"}],"about":[{"href":"https:\/\/banhnhalam.click\/vi\/wp-json\/wp\/v2\/types\/product"}],"replies":[{"embeddable":true,"href":"https:\/\/banhnhalam.click\/vi\/wp-json\/wp\/v2\/comments?post=696"}],"wp:featuredmedia":[{"embeddable":true,"href":"https:\/\/banhnhalam.click\/vi\/wp-json\/wp\/v2\/media\/697"}],"wp:attachment":[{"href":"https:\/\/banhnhalam.click\/vi\/wp-json\/wp\/v2\/media?parent=696"}],"wp:term":[{"taxonomy":"product_brand","embeddable":true,"href":"https:\/\/banhnhalam.click\/vi\/wp-json\/wp\/v2\/product_brand?post=696"},{"taxonomy":"product_cat","embeddable":true,"href":"https:\/\/banhnhalam.click\/vi\/wp-json\/wp\/v2\/product_cat?post=696"},{"taxonomy":"product_tag","embeddable":true,"href":"https:\/\/banhnhalam.click\/vi\/wp-json\/wp\/v2\/product_tag?post=696"}],"curies":[{"name":"wp","href":"https:\/\/api.w.org\/{rel}","templated":true}]}}