{"id":694,"date":"2026-01-26T03:24:51","date_gmt":"2026-01-26T03:24:51","guid":{"rendered":"https:\/\/banhnhalam.click\/?post_type=product&#038;p=694"},"modified":"2026-01-26T05:01:23","modified_gmt":"2026-01-26T05:01:23","slug":"banh-kem-tous-les-jours","status":"publish","type":"product","link":"https:\/\/banhnhalam.click\/vi\/product\/banh-kem-tous-les-jours\/","title":{"rendered":"B\u00e1nh kem Tous Les Jours"},"content":{"rendered":"<h1 data-path-to-node=\"6\">B\u00e1nh kem Tous Les Jours: H\u01b0\u01a1ng v\u1ecb t\u01b0\u01a1i m\u1edbi m\u1ed7i ng\u00e0y<\/h1>\n<p data-path-to-node=\"7\">Hi\u1ec7n nay, <b data-path-to-node=\"7\" data-index-in-node=\"10\">b\u00e1nh kem Tous Les Jours<\/b> l\u00e0 c\u00e1i t\u00ean v\u00f4 c\u00f9ng quen thu\u1ed9c v\u1edbi ng\u01b0\u1eddi Vi\u1ec7t. M\u1eb7c d\u00f9 c\u00f3 nhi\u1ec1u th\u01b0\u01a1ng hi\u1ec7u l\u1edbn kh\u00e1c, nh\u01b0ng h\u00e3ng v\u1eabn gi\u1eef v\u1ecb th\u1ebf \u0111\u1eb7c bi\u1ec7t. B\u1edfi v\u00ec, th\u01b0\u01a1ng hi\u1ec7u n\u00e0y mang \u0111\u1ebfn s\u1ef1 k\u1ebft h\u1ee3p ho\u00e0n h\u1ea3o gi\u1eefa k\u1ef9 thu\u1eadt Ph\u00e1p v\u00e0 kh\u1ea9u v\u1ecb \u00c1 \u0110\u00f4ng.<\/p>\n<h3 data-path-to-node=\"8\">Nguy\u00ean li\u1ec7u t\u01b0\u01a1i s\u1ea1ch v\u00e0 ch\u1ea5t l\u01b0\u1ee3ng h\u1ea3o h\u1ea1ng<\/h3>\n<p data-path-to-node=\"9\">\u0110\u1ea7u ti\u00ean, ch\u00fang ta ph\u1ea3i n\u00f3i v\u1ec1 cam k\u1ebft s\u1eed d\u1ee5ng nguy\u00ean li\u1ec7u t\u01b0\u01a1i m\u1edbi. \u0110\u00fang nh\u01b0 t\u00ean g\u1ecdi &#8220;m\u1ed7i ng\u00e0y&#8221;, b\u00e1nh lu\u00f4n \u0111\u01b0\u1ee3c n\u01b0\u1edbng m\u1edbi li\u00ean t\u1ee5c. \u0110\u1eb7c bi\u1ec7t, b\u1ed9t m\u00ec v\u00e0 b\u01a1 s\u1eefa \u0111\u1ec1u \u0111\u01b0\u1ee3c tuy\u1ec3n ch\u1ecdn r\u1ea5t kh\u1eaft khe. B\u00ean c\u1ea1nh \u0111\u00f3, c\u00e1c lo\u1ea1i tr\u00e1i c\u00e2y trang tr\u00ed lu\u00f4n \u0111\u1ea3m b\u1ea3o \u0111\u1ed9 t\u01b0\u01a1i ngon nh\u1ea5t. V\u00ec v\u1eady, kh\u00e1ch h\u00e0ng lu\u00f4n c\u1ea3m nh\u1eadn \u0111\u01b0\u1ee3c s\u1ef1 tinh t\u1ebf trong t\u1eebng mi\u1ebfng b\u00e1nh.<\/p>\n<h3 data-path-to-node=\"10\">Thi\u1ebft k\u1ebf trang nh\u00e3 v\u00e0 v\u00f4 c\u00f9ng b\u1eaft m\u1eaft<\/h3>\n<p data-path-to-node=\"11\">\u0110i\u1ec3m nh\u1ea5n ti\u1ebfp theo ch\u00ednh l\u00e0 v\u1ebb ngo\u00e0i thanh l\u1ecbch c\u1ee7a d\u00f2ng b\u00e1nh n\u00e0y. C\u00e1c m\u1eabu b\u00e1nh th\u01b0\u1eddng mang t\u00f4ng m\u00e0u nh\u1eb9 nh\u00e0ng nh\u01b0ng kh\u00f4ng k\u00e9m ph\u1ea7n sang tr\u1ecdng. Nh\u1edd \u0111\u00f3, chi\u1ebfc b\u00e1nh tr\u1edf th\u00e0nh m\u00f3n qu\u00e0 tuy\u1ec7t v\u1eddi cho m\u1ecdi d\u1ecbp k\u1ef7 ni\u1ec7m. Ngo\u00e0i ra, c\u00e1ch b\u1eaft kem t\u1ec9 m\u1ec9 t\u1ea1o n\u00ean nh\u1eefng \u0111\u01b0\u1eddng n\u00e9t r\u1ea5t chuy\u00ean nghi\u1ec7p. H\u01a1n n\u1eefa, phong c\u00e1ch trang tr\u00ed c\u1ee7a h\u00e3ng lu\u00f4n d\u1eabn \u0111\u1ea7u xu h\u01b0\u1edbng hi\u1ec7n nay. Do \u0111\u00f3, b\u1ea1n s\u1ebd lu\u00f4n c\u1ea3m th\u1ea5y t\u1ef1 h\u00e0o khi mang chi\u1ebfc b\u00e1nh n\u00e0y \u0111i t\u1eb7ng.<\/p>\n<h3 data-path-to-node=\"12\">\u0110a d\u1ea1ng h\u01b0\u01a1ng v\u1ecb ph\u00f9 h\u1ee3p v\u1edbi m\u1ecdi l\u1ee9a tu\u1ed5i<\/h3>\n<p data-path-to-node=\"13\">Tous Les Jours s\u1edf h\u1eefu danh m\u1ee5c s\u1ea3n ph\u1ea9m v\u00f4 c\u00f9ng phong ph\u00fa v\u00e0 h\u1ea5p d\u1eabn. Tuy l\u00e0 d\u00f2ng b\u00e1nh cao c\u1ea5p, nh\u01b0ng h\u01b0\u01a1ng v\u1ecb c\u1ee7a ch\u00fang l\u1ea1i r\u1ea5t g\u1ea7n g\u0169i. V\u00ec th\u1ebf, t\u1eeb tr\u1ebb em \u0111\u1ebfn ng\u01b0\u1eddi l\u1edbn \u0111\u1ec1u c\u00f3 th\u1ec3 t\u00ecm th\u1ea5y v\u1ecb b\u00e1nh y\u00eau th\u00edch. Th\u00eam v\u00e0o \u0111\u00f3, d\u00f2ng b\u00e1nh mousse v\u00e0 b\u00e1nh b\u1eafp c\u1ee7a h\u00e3ng lu\u00f4n n\u1eb1m trong danh s\u00e1ch b\u00e1n ch\u1ea1y. Ch\u00ednh v\u00ec v\u1eady, th\u1ef1c kh\u00e1ch lu\u00f4n c\u00f3 nh\u1eefng tr\u1ea3i nghi\u1ec7m \u1ea9m th\u1ef1c v\u00f4 c\u00f9ng m\u1edbi l\u1ea1.<\/p>\n<h3 data-path-to-node=\"14\">D\u1ecbch v\u1ee5 t\u1eadn t\u00e2m v\u00e0 h\u1ec7 th\u1ed1ng c\u1eeda h\u00e0ng r\u1ed9ng kh\u1eafp<\/h3>\n<p data-path-to-node=\"15\">Hi\u1ec7n nay, b\u1ea1n c\u00f3 th\u1ec3 d\u1ec5 d\u00e0ng t\u00ecm mua b\u00e1nh t\u1ea1i c\u00e1c trung t\u00e2m th\u01b0\u01a1ng m\u1ea1i. Tuy nhi\u00ean, d\u1ecbch v\u1ee5 \u0111\u1eb7t h\u00e0ng tr\u1ef1c tuy\u1ebfn c\u0169ng \u0111ang ph\u00e1t tri\u1ec3n r\u1ea5t m\u1ea1nh m\u1ebd. V\u00ec th\u1ebf, chi\u1ebfc b\u00e1nh s\u1ebd \u0111\u01b0\u1ee3c giao \u0111\u1ebfn t\u1eadn tay b\u1ea1n m\u1ed9t c\u00e1ch nhanh ch\u00f3ng nh\u1ea5t. Ngo\u00e0i ra, quy tr\u00ecnh b\u1ea3o qu\u1ea3n b\u00e1nh lu\u00f4n \u0111\u1ea1t ti\u00eau chu\u1ea9n qu\u1ed1c t\u1ebf nghi\u00eam ng\u1eb7t. Do \u0111\u00f3, ch\u1ea5t l\u01b0\u1ee3ng b\u00e1nh lu\u00f4n \u0111\u01b0\u1ee3c duy tr\u00ec \u1ed5n \u0111\u1ecbnh cho \u0111\u1ebfn khi th\u01b0\u1edfng th\u1ee9c.<\/p>\n<hr data-path-to-node=\"16\" \/>\n<h3 data-path-to-node=\"17\">T\u1ea1i sao n\u00ean mua b\u00e1nh kem Tous Les Jours ngay h\u00f4m nay?<\/h3>\n<p data-path-to-node=\"18\">T\u00f3m l\u1ea1i, \u0111\u00e2y l\u00e0 s\u1ef1 l\u1ef1a ch\u1ecdn kh\u00f4ng th\u1ec3 b\u1ecf qua cho nh\u1eefng t\u00edn \u0111\u1ed3 y\u00eau b\u00e1nh ng\u1ecdt. N\u1ebfu b\u1ea1n c\u1ea7n m\u1ed9t chi\u1ebfc b\u00e1nh v\u1eeba \u0111\u1eb9p v\u1eeba ngon, h\u00e3y ch\u1ecdn <b data-path-to-node=\"18\" data-index-in-node=\"131\">b\u00e1nh kem Tous Les Jours<\/b>. Hi\u1ec7n nay, b\u1ea1n c\u00f3 th\u1ec3 tham kh\u1ea3o th\u00eam c\u00e1c m\u1eabu <a class=\"ng-star-inserted\" href=\"https:\/\/www.google.com\/search?q=https:\/\/lab.banhnhalam.click\/cua-hang\/\" target=\"_blank\" rel=\"noopener\" data-hveid=\"0\" data-ved=\"0CAAQ_4QMahgKEwiit-_rlqiSAxUAAAAAHQAAAAAQjwM\">b\u00e1nh kem cao c\u1ea5p<\/a> t\u1ea1i h\u1ec7 th\u1ed1ng c\u1ee7a ch\u00fang t\u00f4i. Ngo\u00e0i ra, \u0111\u1eebng qu\u00ean xem qua c\u00e1c lo\u1ea1i <a class=\"ng-star-inserted\" href=\"https:\/\/www.google.com\/search?q=https:\/\/lab.banhnhalam.click\/cua-hang\/\" target=\"_blank\" rel=\"noopener\" data-hveid=\"0\" data-ved=\"0CAAQ_4QMahgKEwiit-_rlqiSAxUAAAAAHQAAAAAQkAM\">ph\u1ee5 ki\u1ec7n sinh nh\u1eadt<\/a> \u0111\u1ec3 b\u1eefa ti\u1ec7c th\u00eam ph\u1ea7n r\u1ef1c r\u1ee1.<\/p>\n","protected":false},"excerpt":{"rendered":"<p>B\u00e1nh kem Tous Les Jours: H\u01b0\u01a1ng v\u1ecb t\u01b0\u01a1i m\u1edbi m\u1ed7i ng\u00e0y Hi\u1ec7n nay, b\u00e1nh kem Tous Les Jours l\u00e0 c\u00e1i t\u00ean v\u00f4 c\u00f9ng quen thu\u1ed9c v\u1edbi ng\u01b0\u1eddi Vi\u1ec7t. M\u1eb7c d\u00f9 c\u00f3 nhi\u1ec1u th\u01b0\u01a1ng hi\u1ec7u l\u1edbn kh\u00e1c, nh\u01b0ng h\u00e3ng v\u1eabn gi\u1eef v\u1ecb th\u1ebf \u0111\u1eb7c bi\u1ec7t. B\u1edfi v\u00ec, th\u01b0\u01a1ng hi\u1ec7u n\u00e0y mang \u0111\u1ebfn s\u1ef1 k\u1ebft h\u1ee3p ho\u00e0n [&#8230;]\n","protected":false},"featured_media":709,"comment_status":"open","ping_status":"closed","template":"","meta":[],"product_brand":[],"product_cat":[78],"product_tag":[],"class_list":{"0":"post-694","1":"product","2":"type-product","3":"status-publish","4":"has-post-thumbnail","6":"product_cat-banh-sinh-nhat","8":"first","9":"instock","10":"sale","11":"shipping-taxable","12":"purchasable","13":"product-type-simple","14":"add-to-wishlist-after_add_to_cart"},"yoast_head":"<!-- This site is optimized with the Yoast SEO plugin v26.7 - https:\/\/yoast.com\/wordpress\/plugins\/seo\/ -->\n<title>B\u00e1nh kem Tous Les Jours - Tinh hoa b\u00e1nh ng\u1ecdt Ph\u00e1p v\u00e0 \u00c1 \u0110\u00f4ng<\/title>\n<meta name=\"description\" content=\"Kh\u00e1m ph\u00e1 th\u1ebf gi\u1edbi b\u00e1nh kem Tous Les Jours v\u1edbi h\u01b0\u01a1ng v\u1ecb th\u01a1m ngon v\u00e0 nguy\u00ean li\u1ec7u cao c\u1ea5p. \u0110\u1eb7t ngay b\u00e1nh kem Tous Les Jours \u0111\u1ec3 t\u1eadn h\u01b0\u1edfng ni\u1ec1m vui tr\u1ecdn v\u1eb9n!\" \/>\n<meta name=\"robots\" content=\"index, follow, max-snippet:-1, max-image-preview:large, max-video-preview:-1\" \/>\n<link rel=\"canonical\" href=\"https:\/\/banhnhalam.click\/vi\/product\/banh-kem-tous-les-jours\/\" \/>\n<meta property=\"og:locale\" content=\"vi_VN\" \/>\n<meta property=\"og:type\" content=\"article\" \/>\n<meta property=\"og:title\" content=\"B\u00e1nh kem Tous Les Jours - Tinh hoa b\u00e1nh ng\u1ecdt Ph\u00e1p v\u00e0 \u00c1 \u0110\u00f4ng\" \/>\n<meta property=\"og:description\" content=\"Kh\u00e1m ph\u00e1 th\u1ebf gi\u1edbi b\u00e1nh kem Tous Les Jours v\u1edbi h\u01b0\u01a1ng v\u1ecb th\u01a1m ngon v\u00e0 nguy\u00ean li\u1ec7u cao c\u1ea5p. \u0110\u1eb7t ngay b\u00e1nh kem Tous Les Jours \u0111\u1ec3 t\u1eadn h\u01b0\u1edfng ni\u1ec1m vui tr\u1ecdn v\u1eb9n!\" \/>\n<meta property=\"og:url\" content=\"https:\/\/banhnhalam.click\/vi\/product\/banh-kem-tous-les-jours\/\" \/>\n<meta property=\"og:site_name\" content=\"B\u00e1nh Nh\u00e0 L\u00e0m \u2013 B\u00e1nh Kem, B\u00e1nh Ng\u1ecdt Th\u1ee7 C\u00f4ng Ngon T\u1ea1i Bu\u00f4n Ma Thu\u1ed9t\" \/>\n<meta property=\"article:modified_time\" content=\"2026-01-26T05:01:23+00:00\" \/>\n<meta property=\"og:image\" content=\"https:\/\/banhnhalam.click\/wp-content\/uploads\/2026\/01\/th-tlj-7.webp\" \/>\n\t<meta property=\"og:image:width\" content=\"450\" \/>\n\t<meta property=\"og:image:height\" content=\"450\" \/>\n\t<meta property=\"og:image:type\" content=\"image\/webp\" \/>\n<meta name=\"twitter:card\" content=\"summary_large_image\" \/>\n<meta name=\"twitter:label1\" content=\"\u01af\u1edbc t\u00ednh th\u1eddi gian \u0111\u1ecdc\" \/>\n\t<meta name=\"twitter:data1\" content=\"4 ph\u00fat\" \/>\n<script type=\"application\/ld+json\" class=\"yoast-schema-graph\">{\"@context\":\"https:\/\/schema.org\",\"@graph\":[{\"@type\":\"WebPage\",\"@id\":\"https:\/\/banhnhalam.click\/product\/banh-kem-tous-les-jours\/\",\"url\":\"https:\/\/banhnhalam.click\/product\/banh-kem-tous-les-jours\/\",\"name\":\"B\u00e1nh kem Tous Les Jours - Tinh hoa b\u00e1nh ng\u1ecdt Ph\u00e1p v\u00e0 \u00c1 \u0110\u00f4ng\",\"isPartOf\":{\"@id\":\"https:\/\/banhnhalam.click\/#website\"},\"primaryImageOfPage\":{\"@id\":\"https:\/\/banhnhalam.click\/product\/banh-kem-tous-les-jours\/#primaryimage\"},\"image\":{\"@id\":\"https:\/\/banhnhalam.click\/product\/banh-kem-tous-les-jours\/#primaryimage\"},\"thumbnailUrl\":\"https:\/\/banhnhalam.click\/wp-content\/uploads\/2026\/01\/th-tlj-7.webp\",\"datePublished\":\"2026-01-26T03:24:51+00:00\",\"dateModified\":\"2026-01-26T05:01:23+00:00\",\"description\":\"Kh\u00e1m ph\u00e1 th\u1ebf gi\u1edbi b\u00e1nh kem Tous Les Jours v\u1edbi h\u01b0\u01a1ng v\u1ecb th\u01a1m ngon v\u00e0 nguy\u00ean li\u1ec7u cao c\u1ea5p. \u0110\u1eb7t ngay b\u00e1nh kem Tous Les Jours \u0111\u1ec3 t\u1eadn h\u01b0\u1edfng ni\u1ec1m vui tr\u1ecdn v\u1eb9n!\",\"breadcrumb\":{\"@id\":\"https:\/\/banhnhalam.click\/product\/banh-kem-tous-les-jours\/#breadcrumb\"},\"inLanguage\":\"vi\",\"potentialAction\":[{\"@type\":\"ReadAction\",\"target\":[\"https:\/\/banhnhalam.click\/product\/banh-kem-tous-les-jours\/\"]}]},{\"@type\":\"ImageObject\",\"inLanguage\":\"vi\",\"@id\":\"https:\/\/banhnhalam.click\/product\/banh-kem-tous-les-jours\/#primaryimage\",\"url\":\"https:\/\/banhnhalam.click\/wp-content\/uploads\/2026\/01\/th-tlj-7.webp\",\"contentUrl\":\"https:\/\/banhnhalam.click\/wp-content\/uploads\/2026\/01\/th-tlj-7.webp\",\"width\":450,\"height\":450,\"caption\":\"b\u00e1nh kem\"},{\"@type\":\"BreadcrumbList\",\"@id\":\"https:\/\/banhnhalam.click\/product\/banh-kem-tous-les-jours\/#breadcrumb\",\"itemListElement\":[{\"@type\":\"ListItem\",\"position\":1,\"name\":\"Home\",\"item\":\"https:\/\/banhnhalam.click\/\"},{\"@type\":\"ListItem\",\"position\":2,\"name\":\"Shop\",\"item\":\"https:\/\/banhnhalam.click\/shop\/\"},{\"@type\":\"ListItem\",\"position\":3,\"name\":\"B\u00e1nh kem Tous Les Jours\"}]},{\"@type\":\"WebSite\",\"@id\":\"https:\/\/banhnhalam.click\/#website\",\"url\":\"https:\/\/banhnhalam.click\/\",\"name\":\"B\u00e1nh Nh\u00e0 L\u00e0m \u2013 B\u00e1nh Kem, B\u00e1nh Ng\u1ecdt Th\u1ee7 C\u00f4ng Ngon T\u1ea1i Bu\u00f4n Ma Thu\u1ed9t\",\"description\":\"banh-nha-lam\",\"potentialAction\":[{\"@type\":\"SearchAction\",\"target\":{\"@type\":\"EntryPoint\",\"urlTemplate\":\"https:\/\/banhnhalam.click\/?s={search_term_string}\"},\"query-input\":{\"@type\":\"PropertyValueSpecification\",\"valueRequired\":true,\"valueName\":\"search_term_string\"}}],\"inLanguage\":\"vi\"}]}<\/script>\n<!-- \/ Yoast SEO plugin. -->","yoast_head_json":{"title":"B\u00e1nh kem Tous Les Jours - Tinh hoa b\u00e1nh ng\u1ecdt Ph\u00e1p v\u00e0 \u00c1 \u0110\u00f4ng","description":"Kh\u00e1m ph\u00e1 th\u1ebf gi\u1edbi b\u00e1nh kem Tous Les Jours v\u1edbi h\u01b0\u01a1ng v\u1ecb th\u01a1m ngon v\u00e0 nguy\u00ean li\u1ec7u cao c\u1ea5p. \u0110\u1eb7t ngay b\u00e1nh kem Tous Les Jours \u0111\u1ec3 t\u1eadn h\u01b0\u1edfng ni\u1ec1m vui tr\u1ecdn v\u1eb9n!","robots":{"index":"index","follow":"follow","max-snippet":"max-snippet:-1","max-image-preview":"max-image-preview:large","max-video-preview":"max-video-preview:-1"},"canonical":"https:\/\/banhnhalam.click\/vi\/product\/banh-kem-tous-les-jours\/","og_locale":"vi_VN","og_type":"article","og_title":"B\u00e1nh kem Tous Les Jours - Tinh hoa b\u00e1nh ng\u1ecdt Ph\u00e1p v\u00e0 \u00c1 \u0110\u00f4ng","og_description":"Kh\u00e1m ph\u00e1 th\u1ebf gi\u1edbi b\u00e1nh kem Tous Les Jours v\u1edbi h\u01b0\u01a1ng v\u1ecb th\u01a1m ngon v\u00e0 nguy\u00ean li\u1ec7u cao c\u1ea5p. \u0110\u1eb7t ngay b\u00e1nh kem Tous Les Jours \u0111\u1ec3 t\u1eadn h\u01b0\u1edfng ni\u1ec1m vui tr\u1ecdn v\u1eb9n!","og_url":"https:\/\/banhnhalam.click\/vi\/product\/banh-kem-tous-les-jours\/","og_site_name":"B\u00e1nh Nh\u00e0 L\u00e0m \u2013 B\u00e1nh Kem, B\u00e1nh Ng\u1ecdt Th\u1ee7 C\u00f4ng Ngon T\u1ea1i Bu\u00f4n Ma Thu\u1ed9t","article_modified_time":"2026-01-26T05:01:23+00:00","og_image":[{"width":450,"height":450,"url":"https:\/\/banhnhalam.click\/wp-content\/uploads\/2026\/01\/th-tlj-7.webp","type":"image\/webp"}],"twitter_card":"summary_large_image","twitter_misc":{"\u01af\u1edbc t\u00ednh th\u1eddi gian \u0111\u1ecdc":"4 ph\u00fat"},"schema":{"@context":"https:\/\/schema.org","@graph":[{"@type":"WebPage","@id":"https:\/\/banhnhalam.click\/product\/banh-kem-tous-les-jours\/","url":"https:\/\/banhnhalam.click\/product\/banh-kem-tous-les-jours\/","name":"B\u00e1nh kem Tous Les Jours - Tinh hoa b\u00e1nh ng\u1ecdt Ph\u00e1p v\u00e0 \u00c1 \u0110\u00f4ng","isPartOf":{"@id":"https:\/\/banhnhalam.click\/#website"},"primaryImageOfPage":{"@id":"https:\/\/banhnhalam.click\/product\/banh-kem-tous-les-jours\/#primaryimage"},"image":{"@id":"https:\/\/banhnhalam.click\/product\/banh-kem-tous-les-jours\/#primaryimage"},"thumbnailUrl":"https:\/\/banhnhalam.click\/wp-content\/uploads\/2026\/01\/th-tlj-7.webp","datePublished":"2026-01-26T03:24:51+00:00","dateModified":"2026-01-26T05:01:23+00:00","description":"Kh\u00e1m ph\u00e1 th\u1ebf gi\u1edbi b\u00e1nh kem Tous Les Jours v\u1edbi h\u01b0\u01a1ng v\u1ecb th\u01a1m ngon v\u00e0 nguy\u00ean li\u1ec7u cao c\u1ea5p. \u0110\u1eb7t ngay b\u00e1nh kem Tous Les Jours \u0111\u1ec3 t\u1eadn h\u01b0\u1edfng ni\u1ec1m vui tr\u1ecdn v\u1eb9n!","breadcrumb":{"@id":"https:\/\/banhnhalam.click\/product\/banh-kem-tous-les-jours\/#breadcrumb"},"inLanguage":"vi","potentialAction":[{"@type":"ReadAction","target":["https:\/\/banhnhalam.click\/product\/banh-kem-tous-les-jours\/"]}]},{"@type":"ImageObject","inLanguage":"vi","@id":"https:\/\/banhnhalam.click\/product\/banh-kem-tous-les-jours\/#primaryimage","url":"https:\/\/banhnhalam.click\/wp-content\/uploads\/2026\/01\/th-tlj-7.webp","contentUrl":"https:\/\/banhnhalam.click\/wp-content\/uploads\/2026\/01\/th-tlj-7.webp","width":450,"height":450,"caption":"b\u00e1nh kem"},{"@type":"BreadcrumbList","@id":"https:\/\/banhnhalam.click\/product\/banh-kem-tous-les-jours\/#breadcrumb","itemListElement":[{"@type":"ListItem","position":1,"name":"Home","item":"https:\/\/banhnhalam.click\/"},{"@type":"ListItem","position":2,"name":"Shop","item":"https:\/\/banhnhalam.click\/shop\/"},{"@type":"ListItem","position":3,"name":"B\u00e1nh kem Tous Les Jours"}]},{"@type":"WebSite","@id":"https:\/\/banhnhalam.click\/#website","url":"https:\/\/banhnhalam.click\/","name":"B\u00e1nh Nh\u00e0 L\u00e0m \u2013 B\u00e1nh Kem, B\u00e1nh Ng\u1ecdt Th\u1ee7 C\u00f4ng Ngon T\u1ea1i Bu\u00f4n Ma Thu\u1ed9t","description":"banh-nha-lam","potentialAction":[{"@type":"SearchAction","target":{"@type":"EntryPoint","urlTemplate":"https:\/\/banhnhalam.click\/?s={search_term_string}"},"query-input":{"@type":"PropertyValueSpecification","valueRequired":true,"valueName":"search_term_string"}}],"inLanguage":"vi"}]}},"_links":{"self":[{"href":"https:\/\/banhnhalam.click\/vi\/wp-json\/wp\/v2\/product\/694","targetHints":{"allow":["GET"]}}],"collection":[{"href":"https:\/\/banhnhalam.click\/vi\/wp-json\/wp\/v2\/product"}],"about":[{"href":"https:\/\/banhnhalam.click\/vi\/wp-json\/wp\/v2\/types\/product"}],"replies":[{"embeddable":true,"href":"https:\/\/banhnhalam.click\/vi\/wp-json\/wp\/v2\/comments?post=694"}],"wp:featuredmedia":[{"embeddable":true,"href":"https:\/\/banhnhalam.click\/vi\/wp-json\/wp\/v2\/media\/709"}],"wp:attachment":[{"href":"https:\/\/banhnhalam.click\/vi\/wp-json\/wp\/v2\/media?parent=694"}],"wp:term":[{"taxonomy":"product_brand","embeddable":true,"href":"https:\/\/banhnhalam.click\/vi\/wp-json\/wp\/v2\/product_brand?post=694"},{"taxonomy":"product_cat","embeddable":true,"href":"https:\/\/banhnhalam.click\/vi\/wp-json\/wp\/v2\/product_cat?post=694"},{"taxonomy":"product_tag","embeddable":true,"href":"https:\/\/banhnhalam.click\/vi\/wp-json\/wp\/v2\/product_tag?post=694"}],"curies":[{"name":"wp","href":"https:\/\/api.w.org\/{rel}","templated":true}]}}