{"id":687,"date":"2026-01-26T03:17:20","date_gmt":"2026-01-26T03:17:20","guid":{"rendered":"https:\/\/banhnhalam.click\/?post_type=product&#038;p=687"},"modified":"2026-01-26T04:40:18","modified_gmt":"2026-01-26T04:40:18","slug":"banh-kem-givral","status":"publish","type":"product","link":"https:\/\/banhnhalam.click\/vi\/product\/banh-kem-givral\/","title":{"rendered":"B\u00e1nh kem givral"},"content":{"rendered":"<h1 data-path-to-node=\"6\">B\u00e1nh kem Givral: Tinh hoa \u1ea9m th\u1ef1c Ph\u00e1p gi\u1eefa l\u00f2ng Vi\u1ec7t Nam<\/h1>\n<p data-path-to-node=\"7\">Hi\u1ec7n nay, <b data-path-to-node=\"7\" data-index-in-node=\"10\">b\u00e1nh kem Givral<\/b> lu\u00f4n l\u00e0 c\u00e1i t\u00ean b\u1ea3o ch\u1ee9ng cho ch\u1ea5t l\u01b0\u1ee3ng v\u00e0 \u0111\u1eb3ng c\u1ea5p. M\u1eb7c d\u00f9 th\u1ecb tr\u01b0\u1eddng c\u00f3 nhi\u1ec1u th\u01b0\u01a1ng hi\u1ec7u m\u1edbi, nh\u01b0ng Givral v\u1eabn gi\u1eef v\u1eefng v\u1ecb th\u1ebf. B\u1edfi v\u00ec, th\u01b0\u01a1ng hi\u1ec7u n\u00e0y mang \u0111\u1ebfn nh\u1eefng chi\u1ebfc b\u00e1nh \u0111\u1eadm ch\u1ea5t ngh\u1ec7 thu\u1eadt ph\u01b0\u01a1ng T\u00e2y.<\/p>\n<h3 data-path-to-node=\"8\">H\u01b0\u01a1ng v\u1ecb tinh t\u1ebf t\u1eeb nguy\u00ean li\u1ec7u cao c\u1ea5p nh\u1ea5t<\/h3>\n<p data-path-to-node=\"9\">\u0110\u1ea7u ti\u00ean, ch\u00fang ta ph\u1ea3i n\u00f3i v\u1ec1 s\u1ef1 kh\u1eaft khe trong vi\u1ec7c l\u1ef1a ch\u1ecdn th\u00e0nh ph\u1ea7n. Givral lu\u00f4n \u01b0u ti\u00ean s\u1eed d\u1ee5ng b\u01a1, s\u1eefa v\u00e0 kem t\u01b0\u01a1i h\u1ea3o h\u1ea1ng nh\u1ea5t. \u0110\u1eb7c bi\u1ec7t, c\u00f4ng th\u1ee9c l\u00e0m b\u00e1nh \u0111\u01b0\u1ee3c k\u1ebf th\u1eeba t\u1eeb nh\u1eefng b\u1eadc th\u1ea7y ng\u01b0\u1eddi Ph\u00e1p. B\u00ean c\u1ea1nh \u0111\u00f3, \u0111\u1ed9 ng\u1ecdt c\u1ee7a b\u00e1nh lu\u00f4n \u0111\u01b0\u1ee3c ti\u1ebft ch\u1ebf \u1edf m\u1ee9c v\u1eeba ph\u1ea3i nh\u1ea5t. V\u00ec v\u1eady, ng\u01b0\u1eddi th\u01b0\u1edfng th\u1ee9c s\u1ebd c\u1ea3m nh\u1eadn \u0111\u01b0\u1ee3c v\u1ecb thanh tao v\u00e0 r\u1ea5t qu\u00fd ph\u00e1i.<\/p>\n<h3 data-path-to-node=\"10\">Thi\u1ebft k\u1ebf sang tr\u1ecdng mang \u0111\u1eadm d\u1ea5u \u1ea5n ngh\u1ec7 thu\u1eadt<\/h3>\n<p data-path-to-node=\"11\">\u0110i\u1ec3m nh\u1ea5n ti\u1ebfp theo ch\u00ednh l\u00e0 v\u1ebb ngo\u00e0i \u0111\u1ea7y l\u00f4i cu\u1ed1n c\u1ee7a chi\u1ebfc b\u00e1nh kem n\u00e0y. T\u1eebng chi ti\u1ebft trang tr\u00ed \u0111\u1ec1u \u0111\u01b0\u1ee3c c\u00e1c ngh\u1ec7 nh\u00e2n th\u1ef1c hi\u1ec7n v\u00f4 c\u00f9ng t\u1ec9 m\u1ec9. Nh\u1edd \u0111\u00f3, m\u1ed7i chi\u1ebfc b\u00e1nh ra \u0111\u1eddi \u0111\u1ec1u gi\u1ed1ng nh\u01b0 m\u1ed9t t\u00e1c ph\u1ea9m h\u1ed9i h\u1ecda. Ngo\u00e0i ra, phong c\u00e1ch c\u1ed5 \u0111i\u1ec3n c\u1ee7a Givral gi\u00fap b\u1eefa ti\u1ec7c th\u00eam ph\u1ea7n trang tr\u1ecdng. H\u01a1n n\u1eefa, bao b\u00ec \u0111\u00f3ng g\u00f3i c\u1ee7a h\u00e3ng c\u0169ng r\u1ea5t tinh t\u1ebf v\u00e0 \u0111\u1eb3ng c\u1ea5p. Do \u0111\u00f3, \u0111\u00e2y l\u00e0 l\u1ef1a ch\u1ecdn s\u1ed1 m\u1ed9t \u0111\u1ec3 d\u00e0nh t\u1eb7ng \u0111\u1ed1i t\u00e1c ho\u1eb7c c\u1ea5p tr\u00ean.<\/p>\n<h3 data-path-to-node=\"12\">D\u00f2ng b\u00e1nh kem b\u1eafp Givral l\u1eebng danh th\u1ebf gi\u1edbi<\/h3>\n<p data-path-to-node=\"13\">Nh\u1eafc \u0111\u1ebfn th\u01b0\u01a1ng hi\u1ec7u n\u00e0y, ch\u00fang ta kh\u00f4ng th\u1ec3 b\u1ecf qua m\u00f3n b\u00e1nh b\u1eafp \u0111\u1eb7c tr\u01b0ng. Tuy l\u00e0 m\u1ed9t s\u1ef1 k\u1ebft h\u1ee3p \u0111\u01a1n gi\u1ea3n, nh\u01b0ng Givral \u0111\u00e3 n\u00e2ng t\u1ea7m n\u00f3 l\u00ean \u0111\u1ec9nh cao. V\u00ec th\u1ebf, v\u1ecb b\u00e9o c\u1ee7a kem h\u00f2a quy\u1ec7n c\u00f9ng b\u1eafp t\u01b0\u01a1i t\u1ea1o n\u00ean s\u1ee9c h\u00fat kh\u00f3 c\u01b0\u1ee1ng. Th\u00eam v\u00e0o \u0111\u00f3, nh\u1eefng l\u00e1t h\u1ea1nh nh\u00e2n gi\u00f2n r\u1ee5m s\u1ebd l\u00e0m t\u0103ng th\u00eam ph\u1ea7n th\u00fa v\u1ecb. Ch\u00ednh v\u00ec v\u1eady, d\u00f2ng b\u00e1nh n\u00e0y lu\u00f4n d\u1eabn \u0111\u1ea7u v\u1ec1 s\u1ed1 l\u01b0\u1ee3ng \u0111\u01a1n h\u00e0ng h\u00e0ng th\u00e1ng.<\/p>\n<h3 data-path-to-node=\"14\">Quy tr\u00ecnh b\u1ea3o qu\u1ea3n v\u00e0 giao h\u00e0ng chuy\u00ean nghi\u1ec7p<\/h3>\n<p data-path-to-node=\"15\">\u0110\u1ec3 gi\u1eef tr\u1ecdn h\u01b0\u01a1ng v\u1ecb, b\u00e1nh lu\u00f4n \u0111\u01b0\u1ee3c b\u1ea3o qu\u1ea3n trong m\u00f4i tr\u01b0\u1eddng nhi\u1ec7t \u0111\u1ed9 chu\u1ea9n. Tuy b\u00e1nh kem r\u1ea5t d\u1ec5 bi\u1ebfn d\u1ea1ng, nh\u01b0ng d\u1ecbch v\u1ee5 giao h\u00e0ng c\u1ee7a h\u00e3ng r\u1ea5t an to\u00e0n. V\u00ec th\u1ebf, chi\u1ebfc b\u00e1nh khi \u0111\u1ebfn tay b\u1ea1n v\u1eabn gi\u1eef \u0111\u01b0\u1ee3c v\u1ebb \u0111\u1eb9p ho\u00e0n m\u1ef9 ban \u0111\u1ea7u. Ngo\u00e0i ra, ti\u00eau chu\u1ea9n v\u1ec7 sinh an to\u00e0n th\u1ef1c ph\u1ea9m lu\u00f4n \u0111\u01b0\u1ee3c \u01b0u ti\u00ean h\u00e0ng \u0111\u1ea7u. Do \u0111\u00f3, b\u1ea1n ho\u00e0n to\u00e0n c\u00f3 th\u1ec3 y\u00ean t\u00e2m t\u1eadn h\u01b0\u1edfng nh\u1eefng ph\u00fat gi\u00e2y ng\u1ecdt ng\u00e0o.<\/p>\n<hr data-path-to-node=\"16\" \/>\n<h3 data-path-to-node=\"17\">T\u1ea1i sao n\u00ean ch\u1ecdn mua b\u00e1nh kem Givral cho d\u1ecbp \u0111\u1eb7c bi\u1ec7t?<\/h3>\n<p data-path-to-node=\"18\">T\u00f3m l\u1ea1i, m\u1eabu b\u00e1nh n\u00e0y l\u00e0 s\u1ef1 \u0111\u1ea7u t\u01b0 x\u1ee9ng \u0111\u00e1ng cho nh\u1eefng k\u1ef7 ni\u1ec7m \u0111\u00e1ng nh\u1edb. N\u1ebfu b\u1ea1n y\u00eau th\u00edch s\u1ef1 sang tr\u1ecdng, h\u00e3y ch\u1ecdn ngay <b data-path-to-node=\"18\" data-index-in-node=\"120\">b\u00e1nh kem Givral<\/b>. Hi\u1ec7n nay, b\u1ea1n c\u00f3 th\u1ec3 tham kh\u1ea3o th\u00eam c\u00e1c m\u1eabu <a class=\"ng-star-inserted\" href=\"https:\/\/www.google.com\/search?q=https:\/\/lab.banhnhalam.click\/cua-hang\/\" target=\"_blank\" rel=\"noopener\" data-hveid=\"0\" data-ved=\"0CAAQ_4QMahgKEwiit-_rlqiSAxUAAAAAHQAAAAAQyAI\">b\u00e1nh kem cao c\u1ea5p<\/a> t\u1ea1i h\u1ec7 th\u1ed1ng c\u1ee7a ch\u00fang t\u00f4i. Ngo\u00e0i ra, \u0111\u1eebng qu\u00ean xem qua danh m\u1ee5c <a class=\"ng-star-inserted\" href=\"https:\/\/www.google.com\/search?q=https:\/\/lab.banhnhalam.click\/cua-hang\/\" target=\"_blank\" rel=\"noopener\" data-hveid=\"0\" data-ved=\"0CAAQ_4QMahgKEwiit-_rlqiSAxUAAAAAHQAAAAAQyQI\">qu\u00e0 t\u1eb7ng tinh t\u1ebf<\/a> \u0111\u1ec3 nh\u1eadn th\u00eam nhi\u1ec1u \u01b0u \u0111\u00e3i h\u1ea5p d\u1eabn.<\/p>\n","protected":false},"excerpt":{"rendered":"<p>B\u00e1nh kem Givral: Tinh hoa \u1ea9m th\u1ef1c Ph\u00e1p gi\u1eefa l\u00f2ng Vi\u1ec7t Nam Hi\u1ec7n nay, b\u00e1nh kem Givral lu\u00f4n l\u00e0 c\u00e1i t\u00ean b\u1ea3o ch\u1ee9ng cho ch\u1ea5t l\u01b0\u1ee3ng v\u00e0 \u0111\u1eb3ng c\u1ea5p. M\u1eb7c d\u00f9 th\u1ecb tr\u01b0\u1eddng c\u00f3 nhi\u1ec1u th\u01b0\u01a1ng hi\u1ec7u m\u1edbi, nh\u01b0ng Givral v\u1eabn gi\u1eef v\u1eefng v\u1ecb th\u1ebf. B\u1edfi v\u00ec, th\u01b0\u01a1ng hi\u1ec7u n\u00e0y mang \u0111\u1ebfn nh\u1eefng chi\u1ebfc b\u00e1nh [&#8230;]\n","protected":false},"featured_media":713,"comment_status":"open","ping_status":"closed","template":"","meta":[],"product_brand":[],"product_cat":[78],"product_tag":[],"class_list":{"0":"post-687","1":"product","2":"type-product","3":"status-publish","4":"has-post-thumbnail","6":"product_cat-banh-sinh-nhat","8":"first","9":"instock","10":"shipping-taxable","11":"purchasable","12":"product-type-variable","13":"add-to-wishlist-after_add_to_cart"},"yoast_head":"<!-- This site is optimized with the Yoast SEO plugin v26.7 - https:\/\/yoast.com\/wordpress\/plugins\/seo\/ -->\n<title>B\u00e1nh kem Givral - \u0110\u1eb3ng c\u1ea5p b\u00e1nh Ph\u00e1p tinh t\u1ebf v\u00e0 sang tr\u1ecdng 2026<\/title>\n<meta name=\"description\" content=\"Kh\u00e1m ph\u00e1 th\u1ebf gi\u1edbi b\u00e1nh kem Givral v\u1edbi h\u01b0\u01a1ng v\u1ecb Ph\u00e1p \u0111\u1eb7c tr\u01b0ng v\u00e0 nguy\u00ean li\u1ec7u cao c\u1ea5p. \u0110\u1eb7t ngay b\u00e1nh kem Givral ch\u00ednh h\u00e3ng \u0111\u1ec3 tr\u1ea3i nghi\u1ec7m s\u1ef1 kh\u00e1c bi\u1ec7t!\" \/>\n<meta name=\"robots\" content=\"index, follow, max-snippet:-1, max-image-preview:large, max-video-preview:-1\" \/>\n<link rel=\"canonical\" href=\"https:\/\/banhnhalam.click\/vi\/product\/banh-kem-givral\/\" \/>\n<meta property=\"og:locale\" content=\"vi_VN\" \/>\n<meta property=\"og:type\" content=\"article\" \/>\n<meta property=\"og:title\" content=\"B\u00e1nh kem Givral - \u0110\u1eb3ng c\u1ea5p b\u00e1nh Ph\u00e1p tinh t\u1ebf v\u00e0 sang tr\u1ecdng 2026\" \/>\n<meta property=\"og:description\" content=\"Kh\u00e1m ph\u00e1 th\u1ebf gi\u1edbi b\u00e1nh kem Givral v\u1edbi h\u01b0\u01a1ng v\u1ecb Ph\u00e1p \u0111\u1eb7c tr\u01b0ng v\u00e0 nguy\u00ean li\u1ec7u cao c\u1ea5p. \u0110\u1eb7t ngay b\u00e1nh kem Givral ch\u00ednh h\u00e3ng \u0111\u1ec3 tr\u1ea3i nghi\u1ec7m s\u1ef1 kh\u00e1c bi\u1ec7t!\" \/>\n<meta property=\"og:url\" content=\"https:\/\/banhnhalam.click\/vi\/product\/banh-kem-givral\/\" \/>\n<meta property=\"og:site_name\" content=\"B\u00e1nh Nh\u00e0 L\u00e0m \u2013 B\u00e1nh Kem, B\u00e1nh Ng\u1ecdt Th\u1ee7 C\u00f4ng Ngon T\u1ea1i Bu\u00f4n Ma Thu\u1ed9t\" \/>\n<meta property=\"article:modified_time\" content=\"2026-01-26T04:40:18+00:00\" \/>\n<meta property=\"og:image\" content=\"https:\/\/banhnhalam.click\/wp-content\/uploads\/2026\/01\/banh-kem-givral-quan-10-8-1-1024x1024-1.webp\" \/>\n\t<meta property=\"og:image:width\" content=\"1024\" \/>\n\t<meta property=\"og:image:height\" content=\"1024\" \/>\n\t<meta property=\"og:image:type\" content=\"image\/webp\" \/>\n<meta name=\"twitter:card\" content=\"summary_large_image\" \/>\n<meta name=\"twitter:label1\" content=\"\u01af\u1edbc t\u00ednh th\u1eddi gian \u0111\u1ecdc\" \/>\n\t<meta name=\"twitter:data1\" content=\"4 ph\u00fat\" \/>\n<script type=\"application\/ld+json\" class=\"yoast-schema-graph\">{\"@context\":\"https:\/\/schema.org\",\"@graph\":[{\"@type\":\"WebPage\",\"@id\":\"https:\/\/banhnhalam.click\/product\/banh-kem-givral\/\",\"url\":\"https:\/\/banhnhalam.click\/product\/banh-kem-givral\/\",\"name\":\"B\u00e1nh kem Givral - \u0110\u1eb3ng c\u1ea5p b\u00e1nh Ph\u00e1p tinh t\u1ebf v\u00e0 sang tr\u1ecdng 2026\",\"isPartOf\":{\"@id\":\"https:\/\/banhnhalam.click\/#website\"},\"primaryImageOfPage\":{\"@id\":\"https:\/\/banhnhalam.click\/product\/banh-kem-givral\/#primaryimage\"},\"image\":{\"@id\":\"https:\/\/banhnhalam.click\/product\/banh-kem-givral\/#primaryimage\"},\"thumbnailUrl\":\"https:\/\/banhnhalam.click\/wp-content\/uploads\/2026\/01\/banh-kem-givral-quan-10-8-1-1024x1024-1.webp\",\"datePublished\":\"2026-01-26T03:17:20+00:00\",\"dateModified\":\"2026-01-26T04:40:18+00:00\",\"description\":\"Kh\u00e1m ph\u00e1 th\u1ebf gi\u1edbi b\u00e1nh kem Givral v\u1edbi h\u01b0\u01a1ng v\u1ecb Ph\u00e1p \u0111\u1eb7c tr\u01b0ng v\u00e0 nguy\u00ean li\u1ec7u cao c\u1ea5p. \u0110\u1eb7t ngay b\u00e1nh kem Givral ch\u00ednh h\u00e3ng \u0111\u1ec3 tr\u1ea3i nghi\u1ec7m s\u1ef1 kh\u00e1c bi\u1ec7t!\",\"breadcrumb\":{\"@id\":\"https:\/\/banhnhalam.click\/product\/banh-kem-givral\/#breadcrumb\"},\"inLanguage\":\"vi\",\"potentialAction\":[{\"@type\":\"ReadAction\",\"target\":[\"https:\/\/banhnhalam.click\/product\/banh-kem-givral\/\"]}]},{\"@type\":\"ImageObject\",\"inLanguage\":\"vi\",\"@id\":\"https:\/\/banhnhalam.click\/product\/banh-kem-givral\/#primaryimage\",\"url\":\"https:\/\/banhnhalam.click\/wp-content\/uploads\/2026\/01\/banh-kem-givral-quan-10-8-1-1024x1024-1.webp\",\"contentUrl\":\"https:\/\/banhnhalam.click\/wp-content\/uploads\/2026\/01\/banh-kem-givral-quan-10-8-1-1024x1024-1.webp\",\"width\":1024,\"height\":1024,\"caption\":\"b\u00e1nh kem gival\"},{\"@type\":\"BreadcrumbList\",\"@id\":\"https:\/\/banhnhalam.click\/product\/banh-kem-givral\/#breadcrumb\",\"itemListElement\":[{\"@type\":\"ListItem\",\"position\":1,\"name\":\"Home\",\"item\":\"https:\/\/banhnhalam.click\/\"},{\"@type\":\"ListItem\",\"position\":2,\"name\":\"Shop\",\"item\":\"https:\/\/banhnhalam.click\/shop\/\"},{\"@type\":\"ListItem\",\"position\":3,\"name\":\"B\u00e1nh kem givral\"}]},{\"@type\":\"WebSite\",\"@id\":\"https:\/\/banhnhalam.click\/#website\",\"url\":\"https:\/\/banhnhalam.click\/\",\"name\":\"B\u00e1nh Nh\u00e0 L\u00e0m \u2013 B\u00e1nh Kem, B\u00e1nh Ng\u1ecdt Th\u1ee7 C\u00f4ng Ngon T\u1ea1i Bu\u00f4n Ma Thu\u1ed9t\",\"description\":\"banh-nha-lam\",\"potentialAction\":[{\"@type\":\"SearchAction\",\"target\":{\"@type\":\"EntryPoint\",\"urlTemplate\":\"https:\/\/banhnhalam.click\/?s={search_term_string}\"},\"query-input\":{\"@type\":\"PropertyValueSpecification\",\"valueRequired\":true,\"valueName\":\"search_term_string\"}}],\"inLanguage\":\"vi\"}]}<\/script>\n<!-- \/ Yoast SEO plugin. -->","yoast_head_json":{"title":"B\u00e1nh kem Givral - \u0110\u1eb3ng c\u1ea5p b\u00e1nh Ph\u00e1p tinh t\u1ebf v\u00e0 sang tr\u1ecdng 2026","description":"Kh\u00e1m ph\u00e1 th\u1ebf gi\u1edbi b\u00e1nh kem Givral v\u1edbi h\u01b0\u01a1ng v\u1ecb Ph\u00e1p \u0111\u1eb7c tr\u01b0ng v\u00e0 nguy\u00ean li\u1ec7u cao c\u1ea5p. \u0110\u1eb7t ngay b\u00e1nh kem Givral ch\u00ednh h\u00e3ng \u0111\u1ec3 tr\u1ea3i nghi\u1ec7m s\u1ef1 kh\u00e1c bi\u1ec7t!","robots":{"index":"index","follow":"follow","max-snippet":"max-snippet:-1","max-image-preview":"max-image-preview:large","max-video-preview":"max-video-preview:-1"},"canonical":"https:\/\/banhnhalam.click\/vi\/product\/banh-kem-givral\/","og_locale":"vi_VN","og_type":"article","og_title":"B\u00e1nh kem Givral - \u0110\u1eb3ng c\u1ea5p b\u00e1nh Ph\u00e1p tinh t\u1ebf v\u00e0 sang tr\u1ecdng 2026","og_description":"Kh\u00e1m ph\u00e1 th\u1ebf gi\u1edbi b\u00e1nh kem Givral v\u1edbi h\u01b0\u01a1ng v\u1ecb Ph\u00e1p \u0111\u1eb7c tr\u01b0ng v\u00e0 nguy\u00ean li\u1ec7u cao c\u1ea5p. \u0110\u1eb7t ngay b\u00e1nh kem Givral ch\u00ednh h\u00e3ng \u0111\u1ec3 tr\u1ea3i nghi\u1ec7m s\u1ef1 kh\u00e1c bi\u1ec7t!","og_url":"https:\/\/banhnhalam.click\/vi\/product\/banh-kem-givral\/","og_site_name":"B\u00e1nh Nh\u00e0 L\u00e0m \u2013 B\u00e1nh Kem, B\u00e1nh Ng\u1ecdt Th\u1ee7 C\u00f4ng Ngon T\u1ea1i Bu\u00f4n Ma Thu\u1ed9t","article_modified_time":"2026-01-26T04:40:18+00:00","og_image":[{"width":1024,"height":1024,"url":"https:\/\/banhnhalam.click\/wp-content\/uploads\/2026\/01\/banh-kem-givral-quan-10-8-1-1024x1024-1.webp","type":"image\/webp"}],"twitter_card":"summary_large_image","twitter_misc":{"\u01af\u1edbc t\u00ednh th\u1eddi gian \u0111\u1ecdc":"4 ph\u00fat"},"schema":{"@context":"https:\/\/schema.org","@graph":[{"@type":"WebPage","@id":"https:\/\/banhnhalam.click\/product\/banh-kem-givral\/","url":"https:\/\/banhnhalam.click\/product\/banh-kem-givral\/","name":"B\u00e1nh kem Givral - \u0110\u1eb3ng c\u1ea5p b\u00e1nh Ph\u00e1p tinh t\u1ebf v\u00e0 sang tr\u1ecdng 2026","isPartOf":{"@id":"https:\/\/banhnhalam.click\/#website"},"primaryImageOfPage":{"@id":"https:\/\/banhnhalam.click\/product\/banh-kem-givral\/#primaryimage"},"image":{"@id":"https:\/\/banhnhalam.click\/product\/banh-kem-givral\/#primaryimage"},"thumbnailUrl":"https:\/\/banhnhalam.click\/wp-content\/uploads\/2026\/01\/banh-kem-givral-quan-10-8-1-1024x1024-1.webp","datePublished":"2026-01-26T03:17:20+00:00","dateModified":"2026-01-26T04:40:18+00:00","description":"Kh\u00e1m ph\u00e1 th\u1ebf gi\u1edbi b\u00e1nh kem Givral v\u1edbi h\u01b0\u01a1ng v\u1ecb Ph\u00e1p \u0111\u1eb7c tr\u01b0ng v\u00e0 nguy\u00ean li\u1ec7u cao c\u1ea5p. \u0110\u1eb7t ngay b\u00e1nh kem Givral ch\u00ednh h\u00e3ng \u0111\u1ec3 tr\u1ea3i nghi\u1ec7m s\u1ef1 kh\u00e1c bi\u1ec7t!","breadcrumb":{"@id":"https:\/\/banhnhalam.click\/product\/banh-kem-givral\/#breadcrumb"},"inLanguage":"vi","potentialAction":[{"@type":"ReadAction","target":["https:\/\/banhnhalam.click\/product\/banh-kem-givral\/"]}]},{"@type":"ImageObject","inLanguage":"vi","@id":"https:\/\/banhnhalam.click\/product\/banh-kem-givral\/#primaryimage","url":"https:\/\/banhnhalam.click\/wp-content\/uploads\/2026\/01\/banh-kem-givral-quan-10-8-1-1024x1024-1.webp","contentUrl":"https:\/\/banhnhalam.click\/wp-content\/uploads\/2026\/01\/banh-kem-givral-quan-10-8-1-1024x1024-1.webp","width":1024,"height":1024,"caption":"b\u00e1nh kem gival"},{"@type":"BreadcrumbList","@id":"https:\/\/banhnhalam.click\/product\/banh-kem-givral\/#breadcrumb","itemListElement":[{"@type":"ListItem","position":1,"name":"Home","item":"https:\/\/banhnhalam.click\/"},{"@type":"ListItem","position":2,"name":"Shop","item":"https:\/\/banhnhalam.click\/shop\/"},{"@type":"ListItem","position":3,"name":"B\u00e1nh kem givral"}]},{"@type":"WebSite","@id":"https:\/\/banhnhalam.click\/#website","url":"https:\/\/banhnhalam.click\/","name":"B\u00e1nh Nh\u00e0 L\u00e0m \u2013 B\u00e1nh Kem, B\u00e1nh Ng\u1ecdt Th\u1ee7 C\u00f4ng Ngon T\u1ea1i Bu\u00f4n Ma Thu\u1ed9t","description":"banh-nha-lam","potentialAction":[{"@type":"SearchAction","target":{"@type":"EntryPoint","urlTemplate":"https:\/\/banhnhalam.click\/?s={search_term_string}"},"query-input":{"@type":"PropertyValueSpecification","valueRequired":true,"valueName":"search_term_string"}}],"inLanguage":"vi"}]}},"_links":{"self":[{"href":"https:\/\/banhnhalam.click\/vi\/wp-json\/wp\/v2\/product\/687","targetHints":{"allow":["GET"]}}],"collection":[{"href":"https:\/\/banhnhalam.click\/vi\/wp-json\/wp\/v2\/product"}],"about":[{"href":"https:\/\/banhnhalam.click\/vi\/wp-json\/wp\/v2\/types\/product"}],"replies":[{"embeddable":true,"href":"https:\/\/banhnhalam.click\/vi\/wp-json\/wp\/v2\/comments?post=687"}],"wp:featuredmedia":[{"embeddable":true,"href":"https:\/\/banhnhalam.click\/vi\/wp-json\/wp\/v2\/media\/713"}],"wp:attachment":[{"href":"https:\/\/banhnhalam.click\/vi\/wp-json\/wp\/v2\/media?parent=687"}],"wp:term":[{"taxonomy":"product_brand","embeddable":true,"href":"https:\/\/banhnhalam.click\/vi\/wp-json\/wp\/v2\/product_brand?post=687"},{"taxonomy":"product_cat","embeddable":true,"href":"https:\/\/banhnhalam.click\/vi\/wp-json\/wp\/v2\/product_cat?post=687"},{"taxonomy":"product_tag","embeddable":true,"href":"https:\/\/banhnhalam.click\/vi\/wp-json\/wp\/v2\/product_tag?post=687"}],"curies":[{"name":"wp","href":"https:\/\/api.w.org\/{rel}","templated":true}]}}