{"id":668,"date":"2026-01-26T02:56:26","date_gmt":"2026-01-26T02:56:26","guid":{"rendered":"https:\/\/banhnhalam.click\/?post_type=product&#038;p=668"},"modified":"2026-01-26T04:50:05","modified_gmt":"2026-01-26T04:50:05","slug":"banh-kem-gau-dau","status":"publish","type":"product","link":"https:\/\/banhnhalam.click\/vi\/product\/banh-kem-gau-dau\/","title":{"rendered":"B\u00e1nh kem G\u1ea5u d\u00e2u"},"content":{"rendered":"<h1 data-path-to-node=\"6\">B\u00e1nh kem G\u1ea5u d\u00e2u: S\u1ee9c h\u00fat kh\u00f3 c\u01b0\u1ee1ng t\u1eeb m\u00e0u h\u1ed3ng xinh x\u1eafn<\/h1>\n<p data-path-to-node=\"7\">Hi\u1ec7n nay, <b data-path-to-node=\"7\" data-index-in-node=\"10\">B\u00e1nh kem G\u1ea5u d\u00e2u<\/b> (Lotso) \u0111ang l\u00e0 m\u1eabu b\u00e1nh \u0111\u01b0\u1ee3c y\u00eau th\u00edch nh\u1ea5t. M\u1eb7c d\u00f9 c\u00f3 nhi\u1ec1u nh\u00e2n v\u1eadt ho\u1ea1t h\u00ecnh kh\u00e1c, nh\u01b0ng G\u1ea5u d\u00e2u v\u1eabn lu\u00f4n d\u1eabn \u0111\u1ea7u xu h\u01b0\u1edbng. B\u1edfi v\u00ec, m\u1eabu b\u00e1nh n\u00e0y s\u1edf h\u1eefu ngo\u1ea1i h\u00ecnh v\u00f4 c\u00f9ng \u0111\u00e1ng y\u00eau v\u00e0 b\u1eaft m\u1eaft.<\/p>\n<h3 data-path-to-node=\"8\">T\u1ea1o h\u00ecnh G\u1ea5u d\u00e2u Lotso sinh \u0111\u1ed9ng v\u00e0 t\u1ec9 m\u1ec9<\/h3>\n<p data-path-to-node=\"9\">\u0110\u1ea7u ti\u00ean, ch\u00fang ta ph\u1ea3i n\u00f3i v\u1ec1 tone m\u00e0u h\u1ed3ng \u0111\u1eb7c tr\u01b0ng c\u1ee7a nh\u00e2n v\u1eadt n\u00e0y. C\u00e1c ngh\u1ec7 nh\u00e2n l\u00e0m b\u00e1nh \u0111\u00e3 kh\u00e9o l\u00e9o t\u1ea1o h\u00ecnh khu\u00f4n m\u1eb7t g\u1ea5u r\u1ea5t h\u00e0i h\u01b0\u1edbc. \u0110\u1eb7c bi\u1ec7t, t\u1eebng chi ti\u1ebft nh\u01b0 m\u1eaft, m\u0169i v\u00e0 tai g\u1ea5u \u0111\u1ec1u \u0111\u01b0\u1ee3c l\u00e0m th\u1ee7 c\u00f4ng. B\u00ean c\u1ea1nh \u0111\u00f3, l\u1edbp kem m\u1ecbn m\u00e0ng ph\u1ee7 b\u00ean ngo\u00e0i gi\u00fap chi\u1ebfc b\u00e1nh tr\u00f4ng r\u1ea5t m\u1ec1m m\u1ea1i. V\u00ec v\u1eady, b\u1ea5t k\u1ef3 ai nh\u00ecn th\u1ea5y c\u0169ng \u0111\u1ec1u c\u1ea3m th\u1ea5y v\u00f4 c\u00f9ng th\u00edch th\u00fa.<\/p>\n<h3 data-path-to-node=\"10\">H\u01b0\u01a1ng v\u1ecb d\u00e2u t\u00e2y ng\u1ecdt ng\u00e0o v\u00e0 thanh m\u00e1t<\/h3>\n<p data-path-to-node=\"11\">\u0110i\u1ec3m nh\u1ea5n ti\u1ebfp theo ch\u00ednh l\u00e0 s\u1ef1 h\u00f2a quy\u1ec7n c\u1ee7a c\u1ed1t b\u00e1nh v\u00e0 kem t\u01b0\u01a1i. Ch\u00fang t\u00f4i s\u1eed d\u1ee5ng tinh ch\u1ea5t d\u00e2u t\u00e2y t\u1ef1 nhi\u00ean \u0111\u1ec3 t\u1ea1o n\u00ean m\u00f9i th\u01a1m d\u1ecbu nh\u1eb9. Nh\u1edd \u0111\u00f3, ng\u01b0\u1eddi th\u01b0\u1edfng th\u1ee9c s\u1ebd c\u1ea3m nh\u1eadn \u0111\u01b0\u1ee3c v\u1ecb chua ng\u1ecdt r\u1ea5t h\u00e0i h\u00f2a. Ngo\u00e0i ra, l\u1edbp m\u1ee9t d\u00e2u b\u00ean trong c\u1ed1t b\u00e1nh gi\u00fap t\u0103ng th\u00eam s\u1ef1 \u0111\u1eadm \u0111\u00e0. H\u01a1n n\u1eefa, kem t\u01b0\u01a1i \u00edt b\u00e9o s\u1ebd gi\u00fap b\u1ea1n \u0103n ngon mi\u1ec7ng m\u00e0 kh\u00f4ng b\u1ecb ng\u1ea5y. Do \u0111\u00f3, \u0111\u00e2y l\u00e0 l\u1ef1a ch\u1ecdn ho\u00e0n h\u1ea3o cho c\u00e1c b\u1ea1n nh\u1ecf v\u00e0 ph\u00e1i n\u1eef.<\/p>\n<h3 data-path-to-node=\"12\">\u00dd ngh\u0129a c\u1ee7a chi\u1ebfc b\u00e1nh kem G\u1ea5u d\u00e2u trong b\u1eefa ti\u1ec7c<\/h3>\n<p data-path-to-node=\"13\">Nh\u00e2n v\u1eadt G\u1ea5u d\u00e2u Lotso mang l\u1ea1i s\u1ef1 vui v\u1ebb v\u00e0 tinh th\u1ea7n l\u1ea1c quan cho m\u1ecdi ng\u01b0\u1eddi. Tuy l\u00e0 m\u1ed9t nh\u00e2n v\u1eadt ho\u1ea1t h\u00ecnh, nh\u01b0ng n\u00f3 ch\u1ee9a \u0111\u1ef1ng s\u1ef1 \u1ea5m \u00e1p v\u00e0 g\u1ea7n g\u0169i. V\u00ec th\u1ebf, \u0111\u00e2y l\u00e0 m\u00f3n qu\u00e0 \u00fd ngh\u0129a trong d\u1ecbp sinh nh\u1eadt hay l\u1ec5 k\u1ef7 ni\u1ec7m. Th\u00eam v\u00e0o \u0111\u00f3, m\u00e0u h\u1ed3ng r\u1ef1c r\u1ee1 s\u1ebd gi\u00fap kh\u00f4ng gian b\u1eefa ti\u1ec7c th\u00eam ph\u1ea7n s\u1ed1ng \u0111\u1ed9ng. Ch\u00ednh v\u00ec v\u1eady, kh\u00e1ch h\u00e0ng lu\u00f4n tin t\u01b0\u1edfng l\u1ef1a ch\u1ecdn m\u1eabu b\u00e1nh n\u00e0y t\u1ea1i c\u1eeda h\u00e0ng.<\/p>\n<h3 data-path-to-node=\"14\">Ph\u00f9 h\u1ee3p cho nhi\u1ec1u \u0111\u1ed1i t\u01b0\u1ee3ng kh\u00e1ch h\u00e0ng kh\u00e1c nhau<\/h3>\n<p data-path-to-node=\"15\">M\u1eabu b\u00e1nh n\u00e0y kh\u00f4ng ch\u1ec9 d\u00e0nh cho tr\u1ebb em m\u00e0 c\u00f2n d\u00e0nh cho c\u1ea3 ng\u01b0\u1eddi l\u1edbn. Tuy nhi\u00ean, s\u1ef1 tinh t\u1ebf trong c\u00e1ch trang tr\u00ed m\u1edbi l\u00e0 \u0111i\u1ec1u gi\u1eef ch\u00e2n kh\u00e1ch h\u00e0ng. <b data-path-to-node=\"15\" data-index-in-node=\"145\">B\u00e1nh kem G\u1ea5u d\u00e2u<\/b> c\u00f3 th\u1ec3 \u0111\u01b0\u1ee3c bi\u1ebfn t\u1ea5u v\u1edbi nhi\u1ec1u k\u00edch th\u01b0\u1edbc kh\u00e1c nhau. Ngo\u00e0i ra, ch\u00fang t\u00f4i lu\u00f4n cam k\u1ebft s\u1eed d\u1ee5ng nguy\u00ean li\u1ec7u s\u1ea1ch v\u00e0 an to\u00e0n nh\u1ea5t. Do \u0111\u00f3, b\u1ea1n ho\u00e0n to\u00e0n c\u00f3 th\u1ec3 y\u00ean t\u00e2m khi d\u00e0nh t\u1eb7ng m\u00f3n qu\u00e0 n\u00e0y cho ng\u01b0\u1eddi th\u00e2n.<\/p>\n<hr data-path-to-node=\"16\" \/>\n<h3 data-path-to-node=\"17\">T\u1ea1i sao n\u00ean \u0111\u1eb7t b\u00e1nh kem G\u1ea5u d\u00e2u t\u1ea1i h\u1ec7 th\u1ed1ng c\u1ee7a ch\u00fang t\u00f4i?<\/h3>\n<p data-path-to-node=\"18\">T\u00f3m l\u1ea1i, m\u1eabu b\u00e1nh n\u00e0y l\u00e0 s\u1ef1 k\u1ebft h\u1ee3p tuy\u1ec7t v\u1eddi gi\u1eefa th\u1ea9m m\u1ef9 v\u00e0 h\u01b0\u01a1ng v\u1ecb. N\u1ebfu b\u1ea1n mu\u1ed1n g\u00e2y b\u1ea5t ng\u1edd cho ng\u01b0\u1eddi th\u00e2n, h\u00e3y \u0111\u1eb7t ngay <b data-path-to-node=\"18\" data-index-in-node=\"126\">B\u00e1nh kem G\u1ea5u d\u00e2u<\/b>. Hi\u1ec7n nay, b\u1ea1n c\u00f3 th\u1ec3 tham kh\u1ea3o th\u00eam c\u00e1c m\u1eabu <a class=\"ng-star-inserted\" href=\"https:\/\/www.google.com\/search?q=https:\/\/lab.banhnhalam.click\/cua-hang\/\" target=\"_blank\" rel=\"noopener\" data-hveid=\"0\" data-ved=\"0CAAQ_4QMahgKEwiit-_rlqiSAxUAAAAAHQAAAAAQ6gE\">b\u00e1nh kem nh\u00e2n v\u1eadt<\/a> t\u1ea1i h\u1ec7 th\u1ed1ng c\u1ee7a ch\u00fang t\u00f4i. Ngo\u00e0i ra, \u0111\u1eebng qu\u00ean xem qua danh m\u1ee5c <a class=\"ng-star-inserted\" href=\"https:\/\/www.google.com\/search?q=https:\/\/lab.banhnhalam.click\/cua-hang\/\" target=\"_blank\" rel=\"noopener\" data-hveid=\"0\" data-ved=\"0CAAQ_4QMahgKEwiit-_rlqiSAxUAAAAAHQAAAAAQ6wE\">ph\u1ee5 ki\u1ec7n trang tr\u00ed<\/a> \u0111\u1ec3 b\u1eefa ti\u1ec7c th\u00eam ph\u1ea7n tr\u1ecdn v\u1eb9n.<\/p>\n","protected":false},"excerpt":{"rendered":"<p>B\u00e1nh kem G\u1ea5u d\u00e2u: S\u1ee9c h\u00fat kh\u00f3 c\u01b0\u1ee1ng t\u1eeb m\u00e0u h\u1ed3ng xinh x\u1eafn Hi\u1ec7n nay, B\u00e1nh kem G\u1ea5u d\u00e2u (Lotso) \u0111ang l\u00e0 m\u1eabu b\u00e1nh \u0111\u01b0\u1ee3c y\u00eau th\u00edch nh\u1ea5t. M\u1eb7c d\u00f9 c\u00f3 nhi\u1ec1u nh\u00e2n v\u1eadt ho\u1ea1t h\u00ecnh kh\u00e1c, nh\u01b0ng G\u1ea5u d\u00e2u v\u1eabn lu\u00f4n d\u1eabn \u0111\u1ea7u xu h\u01b0\u1edbng. B\u1edfi v\u00ec, m\u1eabu b\u00e1nh n\u00e0y s\u1edf h\u1eefu ngo\u1ea1i h\u00ecnh [&#8230;]\n","protected":false},"featured_media":669,"comment_status":"open","ping_status":"closed","template":"","meta":[],"product_brand":[],"product_cat":[78],"product_tag":[],"class_list":{"0":"post-668","1":"product","2":"type-product","3":"status-publish","4":"has-post-thumbnail","6":"product_cat-banh-sinh-nhat","8":"first","9":"instock","10":"sale","11":"shipping-taxable","12":"purchasable","13":"product-type-simple","14":"add-to-wishlist-after_add_to_cart"},"yoast_head":"<!-- This site is optimized with the Yoast SEO plugin v26.7 - https:\/\/yoast.com\/wordpress\/plugins\/seo\/ -->\n<title>B\u00e1nh kem G\u1ea5u d\u00e2u Lotso - M\u00f3n qu\u00e0 ng\u1ecdt ng\u00e0o v\u00e0 \u0111\u00e1ng y\u00eau nh\u1ea5t<\/title>\n<meta name=\"description\" content=\"Kh\u00e1m ph\u00e1 m\u1eabu b\u00e1nh kem G\u1ea5u d\u00e2u Lotso m\u00e0u h\u1ed3ng xinh x\u1eafn v\u1edbi h\u01b0\u01a1ng v\u1ecb d\u00e2u t\u00e2y th\u01a1m m\u00e1t. \u0110\u1eb7t ngay b\u00e1nh kem G\u1ea5u d\u00e2u cho b\u00e9 y\u00eau v\u00e0 b\u1ea1n b\u00e8 t\u1ea1i \u0111\u00e2y!\" \/>\n<meta name=\"robots\" content=\"index, follow, max-snippet:-1, max-image-preview:large, max-video-preview:-1\" \/>\n<link rel=\"canonical\" href=\"https:\/\/banhnhalam.click\/vi\/product\/banh-kem-gau-dau\/\" \/>\n<meta property=\"og:locale\" content=\"vi_VN\" \/>\n<meta property=\"og:type\" content=\"article\" \/>\n<meta property=\"og:title\" content=\"B\u00e1nh kem G\u1ea5u d\u00e2u Lotso - M\u00f3n qu\u00e0 ng\u1ecdt ng\u00e0o v\u00e0 \u0111\u00e1ng y\u00eau nh\u1ea5t\" \/>\n<meta property=\"og:description\" content=\"Kh\u00e1m ph\u00e1 m\u1eabu b\u00e1nh kem G\u1ea5u d\u00e2u Lotso m\u00e0u h\u1ed3ng xinh x\u1eafn v\u1edbi h\u01b0\u01a1ng v\u1ecb d\u00e2u t\u00e2y th\u01a1m m\u00e1t. \u0110\u1eb7t ngay b\u00e1nh kem G\u1ea5u d\u00e2u cho b\u00e9 y\u00eau v\u00e0 b\u1ea1n b\u00e8 t\u1ea1i \u0111\u00e2y!\" \/>\n<meta property=\"og:url\" content=\"https:\/\/banhnhalam.click\/vi\/product\/banh-kem-gau-dau\/\" \/>\n<meta property=\"og:site_name\" content=\"B\u00e1nh Nh\u00e0 L\u00e0m \u2013 B\u00e1nh Kem, B\u00e1nh Ng\u1ecdt Th\u1ee7 C\u00f4ng Ngon T\u1ea1i Bu\u00f4n Ma Thu\u1ed9t\" \/>\n<meta property=\"article:modified_time\" content=\"2026-01-26T04:50:05+00:00\" \/>\n<meta property=\"og:image\" content=\"https:\/\/banhnhalam.click\/wp-content\/uploads\/2026\/01\/Banh-kem-gau-dau.webp\" \/>\n\t<meta property=\"og:image:width\" content=\"950\" \/>\n\t<meta property=\"og:image:height\" content=\"1072\" \/>\n\t<meta property=\"og:image:type\" content=\"image\/webp\" \/>\n<meta name=\"twitter:card\" content=\"summary_large_image\" \/>\n<meta name=\"twitter:label1\" content=\"\u01af\u1edbc t\u00ednh th\u1eddi gian \u0111\u1ecdc\" \/>\n\t<meta name=\"twitter:data1\" content=\"4 ph\u00fat\" \/>\n<script type=\"application\/ld+json\" class=\"yoast-schema-graph\">{\"@context\":\"https:\/\/schema.org\",\"@graph\":[{\"@type\":\"WebPage\",\"@id\":\"https:\/\/banhnhalam.click\/product\/banh-kem-gau-dau\/\",\"url\":\"https:\/\/banhnhalam.click\/product\/banh-kem-gau-dau\/\",\"name\":\"B\u00e1nh kem G\u1ea5u d\u00e2u Lotso - M\u00f3n qu\u00e0 ng\u1ecdt ng\u00e0o v\u00e0 \u0111\u00e1ng y\u00eau nh\u1ea5t\",\"isPartOf\":{\"@id\":\"https:\/\/banhnhalam.click\/#website\"},\"primaryImageOfPage\":{\"@id\":\"https:\/\/banhnhalam.click\/product\/banh-kem-gau-dau\/#primaryimage\"},\"image\":{\"@id\":\"https:\/\/banhnhalam.click\/product\/banh-kem-gau-dau\/#primaryimage\"},\"thumbnailUrl\":\"https:\/\/banhnhalam.click\/wp-content\/uploads\/2026\/01\/Banh-kem-gau-dau.webp\",\"datePublished\":\"2026-01-26T02:56:26+00:00\",\"dateModified\":\"2026-01-26T04:50:05+00:00\",\"description\":\"Kh\u00e1m ph\u00e1 m\u1eabu b\u00e1nh kem G\u1ea5u d\u00e2u Lotso m\u00e0u h\u1ed3ng xinh x\u1eafn v\u1edbi h\u01b0\u01a1ng v\u1ecb d\u00e2u t\u00e2y th\u01a1m m\u00e1t. \u0110\u1eb7t ngay b\u00e1nh kem G\u1ea5u d\u00e2u cho b\u00e9 y\u00eau v\u00e0 b\u1ea1n b\u00e8 t\u1ea1i \u0111\u00e2y!\",\"breadcrumb\":{\"@id\":\"https:\/\/banhnhalam.click\/product\/banh-kem-gau-dau\/#breadcrumb\"},\"inLanguage\":\"vi\",\"potentialAction\":[{\"@type\":\"ReadAction\",\"target\":[\"https:\/\/banhnhalam.click\/product\/banh-kem-gau-dau\/\"]}]},{\"@type\":\"ImageObject\",\"inLanguage\":\"vi\",\"@id\":\"https:\/\/banhnhalam.click\/product\/banh-kem-gau-dau\/#primaryimage\",\"url\":\"https:\/\/banhnhalam.click\/wp-content\/uploads\/2026\/01\/Banh-kem-gau-dau.webp\",\"contentUrl\":\"https:\/\/banhnhalam.click\/wp-content\/uploads\/2026\/01\/Banh-kem-gau-dau.webp\",\"width\":950,\"height\":1072,\"caption\":\"B\u00e1nh Kem g\u1ea5u d\u00e2u\"},{\"@type\":\"BreadcrumbList\",\"@id\":\"https:\/\/banhnhalam.click\/product\/banh-kem-gau-dau\/#breadcrumb\",\"itemListElement\":[{\"@type\":\"ListItem\",\"position\":1,\"name\":\"Home\",\"item\":\"https:\/\/banhnhalam.click\/\"},{\"@type\":\"ListItem\",\"position\":2,\"name\":\"Shop\",\"item\":\"https:\/\/banhnhalam.click\/shop\/\"},{\"@type\":\"ListItem\",\"position\":3,\"name\":\"B\u00e1nh kem G\u1ea5u d\u00e2u\"}]},{\"@type\":\"WebSite\",\"@id\":\"https:\/\/banhnhalam.click\/#website\",\"url\":\"https:\/\/banhnhalam.click\/\",\"name\":\"B\u00e1nh Nh\u00e0 L\u00e0m \u2013 B\u00e1nh Kem, B\u00e1nh Ng\u1ecdt Th\u1ee7 C\u00f4ng Ngon T\u1ea1i Bu\u00f4n Ma Thu\u1ed9t\",\"description\":\"banh-nha-lam\",\"potentialAction\":[{\"@type\":\"SearchAction\",\"target\":{\"@type\":\"EntryPoint\",\"urlTemplate\":\"https:\/\/banhnhalam.click\/?s={search_term_string}\"},\"query-input\":{\"@type\":\"PropertyValueSpecification\",\"valueRequired\":true,\"valueName\":\"search_term_string\"}}],\"inLanguage\":\"vi\"}]}<\/script>\n<!-- \/ Yoast SEO plugin. -->","yoast_head_json":{"title":"B\u00e1nh kem G\u1ea5u d\u00e2u Lotso - M\u00f3n qu\u00e0 ng\u1ecdt ng\u00e0o v\u00e0 \u0111\u00e1ng y\u00eau nh\u1ea5t","description":"Kh\u00e1m ph\u00e1 m\u1eabu b\u00e1nh kem G\u1ea5u d\u00e2u Lotso m\u00e0u h\u1ed3ng xinh x\u1eafn v\u1edbi h\u01b0\u01a1ng v\u1ecb d\u00e2u t\u00e2y th\u01a1m m\u00e1t. \u0110\u1eb7t ngay b\u00e1nh kem G\u1ea5u d\u00e2u cho b\u00e9 y\u00eau v\u00e0 b\u1ea1n b\u00e8 t\u1ea1i \u0111\u00e2y!","robots":{"index":"index","follow":"follow","max-snippet":"max-snippet:-1","max-image-preview":"max-image-preview:large","max-video-preview":"max-video-preview:-1"},"canonical":"https:\/\/banhnhalam.click\/vi\/product\/banh-kem-gau-dau\/","og_locale":"vi_VN","og_type":"article","og_title":"B\u00e1nh kem G\u1ea5u d\u00e2u Lotso - M\u00f3n qu\u00e0 ng\u1ecdt ng\u00e0o v\u00e0 \u0111\u00e1ng y\u00eau nh\u1ea5t","og_description":"Kh\u00e1m ph\u00e1 m\u1eabu b\u00e1nh kem G\u1ea5u d\u00e2u Lotso m\u00e0u h\u1ed3ng xinh x\u1eafn v\u1edbi h\u01b0\u01a1ng v\u1ecb d\u00e2u t\u00e2y th\u01a1m m\u00e1t. \u0110\u1eb7t ngay b\u00e1nh kem G\u1ea5u d\u00e2u cho b\u00e9 y\u00eau v\u00e0 b\u1ea1n b\u00e8 t\u1ea1i \u0111\u00e2y!","og_url":"https:\/\/banhnhalam.click\/vi\/product\/banh-kem-gau-dau\/","og_site_name":"B\u00e1nh Nh\u00e0 L\u00e0m \u2013 B\u00e1nh Kem, B\u00e1nh Ng\u1ecdt Th\u1ee7 C\u00f4ng Ngon T\u1ea1i Bu\u00f4n Ma Thu\u1ed9t","article_modified_time":"2026-01-26T04:50:05+00:00","og_image":[{"width":950,"height":1072,"url":"https:\/\/banhnhalam.click\/wp-content\/uploads\/2026\/01\/Banh-kem-gau-dau.webp","type":"image\/webp"}],"twitter_card":"summary_large_image","twitter_misc":{"\u01af\u1edbc t\u00ednh th\u1eddi gian \u0111\u1ecdc":"4 ph\u00fat"},"schema":{"@context":"https:\/\/schema.org","@graph":[{"@type":"WebPage","@id":"https:\/\/banhnhalam.click\/product\/banh-kem-gau-dau\/","url":"https:\/\/banhnhalam.click\/product\/banh-kem-gau-dau\/","name":"B\u00e1nh kem G\u1ea5u d\u00e2u Lotso - M\u00f3n qu\u00e0 ng\u1ecdt ng\u00e0o v\u00e0 \u0111\u00e1ng y\u00eau nh\u1ea5t","isPartOf":{"@id":"https:\/\/banhnhalam.click\/#website"},"primaryImageOfPage":{"@id":"https:\/\/banhnhalam.click\/product\/banh-kem-gau-dau\/#primaryimage"},"image":{"@id":"https:\/\/banhnhalam.click\/product\/banh-kem-gau-dau\/#primaryimage"},"thumbnailUrl":"https:\/\/banhnhalam.click\/wp-content\/uploads\/2026\/01\/Banh-kem-gau-dau.webp","datePublished":"2026-01-26T02:56:26+00:00","dateModified":"2026-01-26T04:50:05+00:00","description":"Kh\u00e1m ph\u00e1 m\u1eabu b\u00e1nh kem G\u1ea5u d\u00e2u Lotso m\u00e0u h\u1ed3ng xinh x\u1eafn v\u1edbi h\u01b0\u01a1ng v\u1ecb d\u00e2u t\u00e2y th\u01a1m m\u00e1t. \u0110\u1eb7t ngay b\u00e1nh kem G\u1ea5u d\u00e2u cho b\u00e9 y\u00eau v\u00e0 b\u1ea1n b\u00e8 t\u1ea1i \u0111\u00e2y!","breadcrumb":{"@id":"https:\/\/banhnhalam.click\/product\/banh-kem-gau-dau\/#breadcrumb"},"inLanguage":"vi","potentialAction":[{"@type":"ReadAction","target":["https:\/\/banhnhalam.click\/product\/banh-kem-gau-dau\/"]}]},{"@type":"ImageObject","inLanguage":"vi","@id":"https:\/\/banhnhalam.click\/product\/banh-kem-gau-dau\/#primaryimage","url":"https:\/\/banhnhalam.click\/wp-content\/uploads\/2026\/01\/Banh-kem-gau-dau.webp","contentUrl":"https:\/\/banhnhalam.click\/wp-content\/uploads\/2026\/01\/Banh-kem-gau-dau.webp","width":950,"height":1072,"caption":"B\u00e1nh Kem g\u1ea5u d\u00e2u"},{"@type":"BreadcrumbList","@id":"https:\/\/banhnhalam.click\/product\/banh-kem-gau-dau\/#breadcrumb","itemListElement":[{"@type":"ListItem","position":1,"name":"Home","item":"https:\/\/banhnhalam.click\/"},{"@type":"ListItem","position":2,"name":"Shop","item":"https:\/\/banhnhalam.click\/shop\/"},{"@type":"ListItem","position":3,"name":"B\u00e1nh kem G\u1ea5u d\u00e2u"}]},{"@type":"WebSite","@id":"https:\/\/banhnhalam.click\/#website","url":"https:\/\/banhnhalam.click\/","name":"B\u00e1nh Nh\u00e0 L\u00e0m \u2013 B\u00e1nh Kem, B\u00e1nh Ng\u1ecdt Th\u1ee7 C\u00f4ng Ngon T\u1ea1i Bu\u00f4n Ma Thu\u1ed9t","description":"banh-nha-lam","potentialAction":[{"@type":"SearchAction","target":{"@type":"EntryPoint","urlTemplate":"https:\/\/banhnhalam.click\/?s={search_term_string}"},"query-input":{"@type":"PropertyValueSpecification","valueRequired":true,"valueName":"search_term_string"}}],"inLanguage":"vi"}]}},"_links":{"self":[{"href":"https:\/\/banhnhalam.click\/vi\/wp-json\/wp\/v2\/product\/668","targetHints":{"allow":["GET"]}}],"collection":[{"href":"https:\/\/banhnhalam.click\/vi\/wp-json\/wp\/v2\/product"}],"about":[{"href":"https:\/\/banhnhalam.click\/vi\/wp-json\/wp\/v2\/types\/product"}],"replies":[{"embeddable":true,"href":"https:\/\/banhnhalam.click\/vi\/wp-json\/wp\/v2\/comments?post=668"}],"wp:featuredmedia":[{"embeddable":true,"href":"https:\/\/banhnhalam.click\/vi\/wp-json\/wp\/v2\/media\/669"}],"wp:attachment":[{"href":"https:\/\/banhnhalam.click\/vi\/wp-json\/wp\/v2\/media?parent=668"}],"wp:term":[{"taxonomy":"product_brand","embeddable":true,"href":"https:\/\/banhnhalam.click\/vi\/wp-json\/wp\/v2\/product_brand?post=668"},{"taxonomy":"product_cat","embeddable":true,"href":"https:\/\/banhnhalam.click\/vi\/wp-json\/wp\/v2\/product_cat?post=668"},{"taxonomy":"product_tag","embeddable":true,"href":"https:\/\/banhnhalam.click\/vi\/wp-json\/wp\/v2\/product_tag?post=668"}],"curies":[{"name":"wp","href":"https:\/\/api.w.org\/{rel}","templated":true}]}}